{"id":228789,"date":"2024-03-06T09:09:16","date_gmt":"2024-03-06T08:09:16","guid":{"rendered":"https:\/\/lysefjorden365.wpenginepowered.com\/personvernerklaering-eu\/"},"modified":"2024-03-06T10:32:50","modified_gmt":"2024-03-06T09:32:50","slug":"personvernforklaring","status":"publish","type":"page","link":"https:\/\/lysefjorden365.com\/no\/personvernerklaering\/","title":{"rendered":"Personvernforklaring"},"content":{"rendered":"<!-- Legal document generated by Complianz | GDPR\/CCPA Cookie Consent https:\/\/wordpress.org\/plugins\/complianz-gdpr -->\n<div id=\"cmplz-document\" class=\"cmplz-document privacy-statement cmplz-document-eu\"><p><i>Denne personvernerkl\u00e6ringen ble oppdatert 07\/10\/2025 og gjelder statsborgere og lovlige fastboende i Det europeiske \u00f8konomiske samarbeidsomr\u00e5det og Sveits.<\/i><br \/><br \/><\/p><p><p>I denne personvernerkl\u00e6ringen forklarer vi hva vi gj\u00f8r med opplysningene vi innhenter om deg via <a href=\"https:\/\/lysefjorden365.com\/no\">https:\/\/lysefjorden365.com\/no<\/a>. Vi anbefaler deg \u00e5 lese denne erkl\u00e6ringen n\u00f8ye. I v\u00e5r behandling overholder vi kravene i personvernlovgivningen. Det betyr blant annet p\u00e5:<\/p><ul>\n                <li>vi oppgir tydelig om hvilke form\u00e5l vi behandler personopplysninger for. Vi gj\u00f8r dette ved hjelp av denne personvernerkl\u00e6ringen;<\/li>\n                <li>vi tar sikte p\u00e5 \u00e5 begrense v\u00e5r innsamling av personopplysninger til bare de personopplysningene som er n\u00f8dvendige for legitime form\u00e5l;<\/li>\n                <li>vi ber f\u00f8rst om ditt eksplisitte samtykke til \u00e5 behandle dine personopplysninger i tilfeller som krever ditt samtykke;<\/li>\n                <li>vi tar n\u00f8dvendig sikkerhetstiltak for \u00e5 beskytte dine personopplysninger og krever ogs\u00e5 dette fra parter som behandler personopplysninger p\u00e5 v\u00e5re vegne;<\/li>\n                <li>vi respekterer din rett til \u00e5 f\u00e5 tilgang til dine personopplysningene eller f\u00e5 opplysningene korrigert eller slettet, p\u00e5 foresp\u00f8rsel.<\/li>\n            <\/ul><p>Hvis du har sp\u00f8rsm\u00e5l, eller \u00f8nsker \u00e5 vite n\u00f8yaktig hvilke data vi oppbevarer om deg, kan du kontakte oss.<\/p><\/p><h2>1. Form\u00e5l, data og oppbevaringsperiode<\/h2>Vi samler eller mottar personlig informasjon av ulike \u00e5rsaker knyttet til tjenestene v\u00e5re. Dette kan inkludere f\u00f8lgende: (klikk for \u00e5 utvide)<details class=\"cmplz-dropdown dropdown-privacy-statement\"><summary><div><h3>1.1 For \u00e5 st\u00f8tte tjenester eller produkter som en kunde \u00f8nsker \u00e5 kj\u00f8pe eller ha kj\u00f8pt<\/h3><\/div><\/summary><p class=\"cmplz-subtitle\">For dette form\u00e5let bruker vi f\u00f8lgende data:<\/p><p><ul><li>IP-adresse<\/li><\/ul><\/p><p class=\"cmplz-subtitle\">Grunnlaget for at vi kan behandle disse dataene er:<\/p><p><a target=\"_blank\" rel=\"noopener noreferrer nofollow\" href=\"https:\/\/cookiedatabase.org\/legal-bases\/#consent\">Etter samstykke.<\/a><\/p><p class=\"cmplz-subtitle\">Oppbevaringsperiode<\/p><p>Vi ser disse dataene til tjenesten avsluttes.<\/p><\/details><details class=\"cmplz-dropdown dropdown-privacy-statement\"><summary><div><h3>1.2 Samle og analysere statistikk for forbedring av nettsted.<\/h3><\/div><\/summary><p class=\"cmplz-subtitle\">For dette form\u00e5let bruker vi f\u00f8lgende data:<\/p><p><ul><li>Geolokasjonsdata<\/li><li>IP-adresse<\/li><\/ul><\/p><p class=\"cmplz-subtitle\">Grunnlaget for at vi kan behandle disse dataene er:<\/p><p><a target=\"_blank\" rel=\"noopener noreferrer nofollow\" href=\"https:\/\/cookiedatabase.org\/legal-bases\/#consent\">Etter samstykke.<\/a><\/p><p class=\"cmplz-subtitle\">Oppbevaringsperiode<\/p><p>Vi ser disse dataene til tjenesten avsluttes.<\/p><\/details><details class=\"cmplz-dropdown dropdown-privacy-statement\"><summary><div><h3>1.3 For \u00e5 kunne tilby tilpassede produkter og tjenester<\/h3><\/div><\/summary><p class=\"cmplz-subtitle\">For dette form\u00e5let bruker vi f\u00f8lgende data:<\/p><p><ul><li>IP-adresse<\/li><li>Geolokasjonsdata<\/li><\/ul><\/p><p class=\"cmplz-subtitle\">Grunnlaget for at vi kan behandle disse dataene er:<\/p><p><a target=\"_blank\" rel=\"noopener noreferrer nofollow\" href=\"https:\/\/cookiedatabase.org\/legal-bases\/#consent\">Etter samstykke.<\/a><\/p><p class=\"cmplz-subtitle\">Oppbevaringsperiode<\/p><p>Vi ser disse dataene til tjenesten avsluttes.<\/p><\/details><details class=\"cmplz-dropdown dropdown-privacy-statement\"><summary><div><h3>1.4 Kontakt \u2013 via telefon, e-post, og\/eller nett-skjema<\/h3><\/div><\/summary><p class=\"cmplz-subtitle\">For dette form\u00e5let bruker vi f\u00f8lgende data:<\/p><p><ul><li>IP-adresse<\/li><\/ul><\/p><p class=\"cmplz-subtitle\">Grunnlaget for at vi kan behandle disse dataene er:<\/p><p><a target=\"_blank\" rel=\"noopener noreferrer nofollow\" href=\"https:\/\/cookiedatabase.org\/legal-bases\/#consent\">Etter samstykke.<\/a><\/p><p class=\"cmplz-subtitle\">Oppbevaringsperiode<\/p><p>Vi ser disse dataene til tjenesten avsluttes.<\/p><\/details><h2>2. Deling med andre parter<\/h2><p>Vi deler eller utleverer bare disse dataene til databehandlere for f\u00f8lgende form\u00e5l:<\/p><p class=\"cmplz-subtitle\">Databehandlere<\/p><p><b>Navn:<\/b>&nbsp;Megabite AS<br \/>\n            <b>Jord:<\/b>&nbsp;Norge<br \/>\n            <b>Formell:<\/b>&nbsp;IT-tjenester<br \/>\n            <\/p><h2>3. Informasjonskapsler<\/h2><p>Nettstedet v\u00e5rt bruker cookies. For mer informasjon om informasjonskapsler, se v\u00e5r <a href=\"https:\/\/lysefjorden365.com\/no\/cookie-info\/\">Informasjonskapselforklaring<\/a>.&nbsp;<\/p><h2>4. Formidlingspraksis<\/h2><p><p>Vi utleverer personopplysninger hvis vi er p\u00e5lagt det ved lov eller ved rettskjennelse, som svar til et rettsh\u00e5ndhevende organ, i den grad det er tillatt i henhold til andre lovbestemmelser, for \u00e5 gi informasjon, eller for en etterforskning av en sak knyttet til offentlig sikkerhet.<\/p><p>Hvis nettstedet eller organisasjonen v\u00e5r blir overdratt, solgt eller fusjonert, kan opplysningene dine bli utlevert til v\u00e5re r\u00e5dgivere og eventuelle potensielle kj\u00f8pere og vil bli gitt videre til de nye eierne.<\/p><\/p><p>Vi har inng\u00e5tt en databehandlingsavtale med Google.<\/p><h2>5. Sikkerhet<\/h2><p>Vi er forpliktet til \u00e5 ivareta sikkerheten for personopplysninger. Vi gj\u00f8r n\u00f8dvendig sikkerhetstiltak for \u00e5 begrense misbruk av og uautorisert tilgang til personopplysninger. Dette sikrer at kun de n\u00f8dvendige personene har tilgang til dine data, at tilgangen til dataene er beskyttet, og at v\u00e5re sikkerhetstiltak regelmessig blir gjennomg\u00e5tt.<\/p><h2>6. Tredjeparts nettsteder<\/h2><p>Denne personvernerkl\u00e6ringen gjelder ikke for tredjepartsnettsteder som kobles til via lenker p\u00e5 nettstedet v\u00e5rt. Vi kan ikke garantere at disse tredjepartene behandler dine personopplysninger p\u00e5 en sikker eller sikker m\u00e5te. Vi anbefaler at du leser personvernerkl\u00e6ringene til disse nettstedene f\u00f8r du bruker disse nettstedene.<\/p><h2>7. Endringer i denne personvernerkl\u00e6ringen<\/h2><p>Vi forbeholder oss retten til \u00e5 gj\u00f8re endringer i denne personvernerkl\u00e6ringen. Det anbefales at du konsulterer denne personvernerkl\u00e6ringen regelmessig for \u00e5 v\u00e6re oppmerksom p\u00e5 eventuelle endringer. I tillegg vil vi aktivt informere deg der det er mulig.<\/p><h2>8. F\u00e5 tilgang til og endre dataene dine<\/h2><p>Hvis du har sp\u00f8rsm\u00e5l eller \u00f8nsker \u00e5 vite hvilke personopplysninger vi har om deg, kan du kontakte oss. Du kan kontakte oss ved \u00e5 bruke informasjonen nedenfor. Du har f\u00f8lgende rettigheter:<\/p><ul>\n                <li>Du har krav p\u00e5 \u00e5 f\u00e5 vite hvorfor dine personopplysninger trengs, hva som vil skje med dem, og hvor lenge de vil bli oppbevart.<\/li>\n                <li>Rett til innsyn: Du har rett til innsyn i dine personopplysninger som er kjent for oss.<\/li>\n                <li>Rett til retting: Du har rett til \u00e5 tilf\u00f8ye, korrigere, og \u00e5 ha dine personlige data slettet eller blokkert n\u00e5r du m\u00e5tte \u00f8nske det..<\/li>\n                <li>Hvis du gir oss ditt samtykke til \u00e5 behandle dataene dine, har du rett til \u00e5 tilbakekalle det samtykke og \u00e5 f\u00e5 dine personlige data slettet.<\/li>\n                <li>Rett til \u00e5 overf\u00f8re dine data: du har rett til \u00e5 v\u00e6re om alle dine personopplysninger fra behandlingsansvarlig og overf\u00f8re dem i sin helhet til en annen behandlingsansvarlig.<\/li>\n                <li>Rett til \u00e5 nekte: Du kan nekte at dine data blir behandlet. Vi etterkommer dette med mindre det er berettige grunner for behandling.<\/li>\n            <\/ul><p>Vennligst s\u00f8rg for \u00e5 alltid oppgi tydelig hvem du er, slik at vi kan v\u00e6re sikre p\u00e5 at vi ikke modifiserer slett eller er data fra feil person.<\/p><h2>9. Innsending av klage<\/h2><p>Hvis du ikke er forn\u00f8yd med m\u00e5ten vi h\u00e5ndterer (en klage p\u00e5) behandlingen av dine personopplysninger, har du rett til \u00e5 sende inn en klage til Datatilsynet.<\/p><h2>10. Kontaktdetaljer<\/h2><p>Lysefjorden Utvikling AS<br \/>\n        Kommunehuset, 4110 Forsand<br \/>\n        Norge<br \/>\n        Nettsted: <a href=\"https:\/\/lysefjorden365.com\/no\">https:\/\/lysefjorden365.com\/no<\/a> <br \/>\n        E-post: <span class=\"cmplz-obfuscate\">jo&#104;&#097;&#110;&#110;&#101;s@<span class=\"cmplz-fmail-domain\">&#101;&#120;&#046;c&#111;m<\/span>&#108;&#121;se&#102;j&#111;&#114;&#100;en365.n&#111;<\/span> <br \/>\n        Telefonnummer: 95 558 952<\/p><\/div>","protected":false},"excerpt":{"rendered":"","protected":false},"author":1,"featured_media":0,"parent":0,"menu_order":0,"comment_status":"closed","ping_status":"closed","template":"","meta":{"_et_pb_use_builder":"","_et_pb_old_content":"","_et_gb_content_width":"","footnotes":""},"dipi_cpt_category":[],"class_list":["post-228789","page","type-page","status-publish","hentry"],"yoast_head":"<!-- This site is optimized with the Yoast SEO plugin v27.2 - https:\/\/yoast.com\/product\/yoast-seo-wordpress\/ -->\n<title>Personvernerkl\u00e6ring - Lysefjorden 365<\/title>\n<meta name=\"robots\" content=\"index, follow, max-snippet:-1, max-image-preview:large, max-video-preview:-1\" \/>\n<link rel=\"canonical\" href=\"https:\/\/lysefjorden365.com\/no\/personvernforklaring\/\" \/>\n<meta property=\"og:locale\" content=\"nb_NO\" \/>\n<meta property=\"og:type\" content=\"article\" \/>\n<meta property=\"og:title\" content=\"Personvernerkl\u00e6ring - Lysefjorden 365\" \/>\n<meta property=\"og:url\" content=\"https:\/\/lysefjorden365.com\/no\/personvernforklaring\/\" \/>\n<meta property=\"og:site_name\" content=\"Lysefjorden 365\" \/>\n<meta property=\"article:publisher\" content=\"https:\/\/www.facebook.com\/Lysefjorden365\/\" \/>\n<meta property=\"article:modified_time\" content=\"2024-03-06T09:32:50+00:00\" \/>\n<meta name=\"twitter:card\" content=\"summary_large_image\" \/>\n<script type=\"application\/ld+json\" class=\"yoast-schema-graph\">{\"@context\":\"https:\/\/schema.org\",\"@graph\":[{\"@type\":\"WebPage\",\"@id\":\"https:\/\/lysefjorden365.com\/personvernerklaering\/\",\"url\":\"https:\/\/lysefjorden365.com\/personvernerklaering\/\",\"name\":\"Personvernerkl\u00e6ring - Lysefjorden 365\",\"isPartOf\":{\"@id\":\"https:\/\/lysefjorden365.com\/#website\"},\"datePublished\":\"2024-03-06T08:09:16+00:00\",\"dateModified\":\"2024-03-06T09:32:50+00:00\",\"breadcrumb\":{\"@id\":\"https:\/\/lysefjorden365.com\/personvernerklaering\/#breadcrumb\"},\"inLanguage\":\"nb-NO\",\"potentialAction\":[{\"@type\":\"ReadAction\",\"target\":[\"https:\/\/lysefjorden365.com\/personvernerklaering\/\"]}]},{\"@type\":\"BreadcrumbList\",\"@id\":\"https:\/\/lysefjorden365.com\/personvernerklaering\/#breadcrumb\",\"itemListElement\":[{\"@type\":\"ListItem\",\"position\":1,\"name\":\"Hjem\",\"item\":\"https:\/\/lysefjorden365.com\/\"},{\"@type\":\"ListItem\",\"position\":2,\"name\":\"Personvernerkl\u00e6ring\"}]},{\"@type\":\"WebSite\",\"@id\":\"https:\/\/lysefjorden365.com\/#website\",\"url\":\"https:\/\/lysefjorden365.com\/\",\"name\":\"Lysefjorden 365\",\"description\":\"quite simply a remarkable place\",\"publisher\":{\"@id\":\"https:\/\/lysefjorden365.com\/#organization\"},\"potentialAction\":[{\"@type\":\"SearchAction\",\"target\":{\"@type\":\"EntryPoint\",\"urlTemplate\":\"https:\/\/lysefjorden365.com\/?s={search_term_string}\"},\"query-input\":{\"@type\":\"PropertyValueSpecification\",\"valueRequired\":true,\"valueName\":\"search_term_string\"}}],\"inLanguage\":\"nb-NO\"},{\"@type\":\"Organization\",\"@id\":\"https:\/\/lysefjorden365.com\/#organization\",\"name\":\"Lysefjorden 365\",\"url\":\"https:\/\/lysefjorden365.com\/\",\"logo\":{\"@type\":\"ImageObject\",\"inLanguage\":\"nb-NO\",\"@id\":\"https:\/\/lysefjorden365.com\/#\/schema\/logo\/image\/\",\"url\":\"https:\/\/lysefjorden365.com\/wp-content\/uploads\/2019\/04\/lysefjorden-365-logo-round.svg\",\"contentUrl\":\"https:\/\/lysefjorden365.com\/wp-content\/uploads\/2019\/04\/lysefjorden-365-logo-round.svg\",\"width\":1,\"height\":1,\"caption\":\"Lysefjorden 365\"},\"image\":{\"@id\":\"https:\/\/lysefjorden365.com\/#\/schema\/logo\/image\/\"},\"sameAs\":[\"https:\/\/www.facebook.com\/Lysefjorden365\/\"]}]}<\/script>\n<!-- \/ Yoast SEO plugin. -->","yoast_head_json":{"title":"Personvernerkl\u00e6ring - Lysefjorden 365","robots":{"index":"index","follow":"follow","max-snippet":"max-snippet:-1","max-image-preview":"max-image-preview:large","max-video-preview":"max-video-preview:-1"},"canonical":"https:\/\/lysefjorden365.com\/no\/personvernforklaring\/","og_locale":"nb_NO","og_type":"article","og_title":"Personvernerkl\u00e6ring - Lysefjorden 365","og_url":"https:\/\/lysefjorden365.com\/no\/personvernforklaring\/","og_site_name":"Lysefjorden 365","article_publisher":"https:\/\/www.facebook.com\/Lysefjorden365\/","article_modified_time":"2024-03-06T09:32:50+00:00","twitter_card":"summary_large_image","schema":{"@context":"https:\/\/schema.org","@graph":[{"@type":"WebPage","@id":"https:\/\/lysefjorden365.com\/personvernerklaering\/","url":"https:\/\/lysefjorden365.com\/personvernerklaering\/","name":"Personvernerkl\u00e6ring - Lysefjorden 365","isPartOf":{"@id":"https:\/\/lysefjorden365.com\/#website"},"datePublished":"2024-03-06T08:09:16+00:00","dateModified":"2024-03-06T09:32:50+00:00","breadcrumb":{"@id":"https:\/\/lysefjorden365.com\/personvernerklaering\/#breadcrumb"},"inLanguage":"nb-NO","potentialAction":[{"@type":"ReadAction","target":["https:\/\/lysefjorden365.com\/personvernerklaering\/"]}]},{"@type":"BreadcrumbList","@id":"https:\/\/lysefjorden365.com\/personvernerklaering\/#breadcrumb","itemListElement":[{"@type":"ListItem","position":1,"name":"Hjem","item":"https:\/\/lysefjorden365.com\/"},{"@type":"ListItem","position":2,"name":"Personvernerkl\u00e6ring"}]},{"@type":"WebSite","@id":"https:\/\/lysefjorden365.com\/#website","url":"https:\/\/lysefjorden365.com\/","name":"Lysefjorden 365","description":"rett og slett et bemerkelsesverdig sted","publisher":{"@id":"https:\/\/lysefjorden365.com\/#organization"},"potentialAction":[{"@type":"SearchAction","target":{"@type":"EntryPoint","urlTemplate":"https:\/\/lysefjorden365.com\/?s={search_term_string}"},"query-input":{"@type":"PropertyValueSpecification","valueRequired":true,"valueName":"search_term_string"}}],"inLanguage":"nb-NO"},{"@type":"Organization","@id":"https:\/\/lysefjorden365.com\/#organization","name":"Lysefjorden 365","url":"https:\/\/lysefjorden365.com\/","logo":{"@type":"ImageObject","inLanguage":"nb-NO","@id":"https:\/\/lysefjorden365.com\/#\/schema\/logo\/image\/","url":"https:\/\/lysefjorden365.com\/wp-content\/uploads\/2019\/04\/lysefjorden-365-logo-round.svg","contentUrl":"https:\/\/lysefjorden365.com\/wp-content\/uploads\/2019\/04\/lysefjorden-365-logo-round.svg","width":1,"height":1,"caption":"Lysefjorden 365"},"image":{"@id":"https:\/\/lysefjorden365.com\/#\/schema\/logo\/image\/"},"sameAs":["https:\/\/www.facebook.com\/Lysefjorden365\/"]}]}},"publishpress_future_action":{"enabled":false,"date":"2026-04-11 11:11:54","action":"change-status","newStatus":"draft","terms":[],"taxonomy":"dipi_cpt_category","extraData":[]},"publishpress_future_workflow_manual_trigger":{"enabledWorkflows":[]},"_links":{"self":[{"href":"https:\/\/lysefjorden365.com\/no\/wp-json\/wp\/v2\/pages\/228789","targetHints":{"allow":["GET"]}}],"collection":[{"href":"https:\/\/lysefjorden365.com\/no\/wp-json\/wp\/v2\/pages"}],"about":[{"href":"https:\/\/lysefjorden365.com\/no\/wp-json\/wp\/v2\/types\/page"}],"author":[{"embeddable":true,"href":"https:\/\/lysefjorden365.com\/no\/wp-json\/wp\/v2\/users\/1"}],"replies":[{"embeddable":true,"href":"https:\/\/lysefjorden365.com\/no\/wp-json\/wp\/v2\/comments?post=228789"}],"version-history":[{"count":0,"href":"https:\/\/lysefjorden365.com\/no\/wp-json\/wp\/v2\/pages\/228789\/revisions"}],"wp:attachment":[{"href":"https:\/\/lysefjorden365.com\/no\/wp-json\/wp\/v2\/media?parent=228789"}],"wp:term":[{"taxonomy":"dipi_cpt_category","embeddable":true,"href":"https:\/\/lysefjorden365.com\/no\/wp-json\/wp\/v2\/dipi_cpt_category?post=228789"}],"curies":[{"name":"wp","href":"https:\/\/api.w.org\/{rel}","templated":true}]}}