{"id":219698,"date":"2021-09-27T13:56:47","date_gmt":"2021-09-27T11:56:47","guid":{"rendered":"https:\/\/lysefjorden365.wpenginepowered.com\/?page_id=219698"},"modified":"2021-09-28T12:38:57","modified_gmt":"2021-09-28T10:38:57","slug":"detailer","status":"publish","type":"page","link":"https:\/\/lysefjorden365.com\/nl\/turer\/detaljer\/","title":{"rendered":"Detailjer"},"content":{"rendered":"\n[et_pb_section fb_built=&#8221;1&#8243; _builder_version=&#8221;4.10.5&#8243; _module_preset=&#8221;default&#8221;][et_pb_row _builder_version=&#8221;4.10.5&#8243; _module_preset=&#8221;default&#8221; width=&#8221;100%&#8221; hover_enabled=&#8221;0&#8243; sticky_enabled=&#8221;0&#8243;][et_pb_column _builder_version=&#8221;4.10.5&#8243; _module_preset=&#8221;default&#8221; type=&#8221;4_4&#8243;][et_pb_code _builder_version=&#8221;4.10.5&#8243; _module_preset=&#8221;default&#8221; hover_enabled=&#8221;0&#8243; sticky_enabled=&#8221;0&#8243;]<script src=\"https:\/\/cdn.jsdelivr.net\/gh\/openlayers\/openlayers.github.io@master\/en\/v6.5.0\/build\/ol.js\"><\/script>\n        <div class=\"\" ><input type=\"hidden\" id = \"lat\" value=\"5.780304428\"\/><input type=\"hidden\" id = \"long\" value=\"58.901838027\"\/><div class=\"et_builder_inner_content et_pb_gutters3\">  \n                    <div class=\"et_section_regular\">  \n                        <div class=\"et_pb_row et_pb_row_0 \" style=\"margin-bottom: 2rem!important;\">\n                            <div class=\"et_pb_column et_pb_column_1_2 et_pb_column_0  et_pb_css_mix_blend_mode_passthrough\">\n                                 <div class=\"\">                                 \n                                 <div style=\"background: url(https:\/\/res.cloudinary.com\/ntb\/image\/upload\/w_1024,q_70\/v1\/trips\/klatfdvswjq5zpwwjd2e) center center no-repeat ;background-size: cover; height: 450px; text-align: center\">\n                        <\/div>                                \n                                <\/div>\n                                <div class=\"et_pb_module et_pb_text et_pb_text_0  et_pb_text_align_left et_pb_bg_layout_light\">\n                                    <div class=\"et_pb_text_inner\"><p><em class=\"fotograf\">Foto av: Marius Vervik<\/em><\/p>\n                                    <\/div>\n                                <\/div>\n                            <\/div>\n                            <div class=\"et_pb_column et_pb_column_1_2 et_pb_column_1 pa-inline-buttons  et_pb_css_mix_blend_mode_passthrough et-last-child\">\n                                    <!--div class=\"et_pb_module et_pb_text_align_left et_pb_bg_layout_light\">\n                                        <div class=\"et_pb_text_inner\">\n                                        <\/div>\n                                    <\/div -->\n                                <div class=\"et_pb_module et_pb_text et_pb_text_3  et_pb_text_align_left et_pb_bg_layout_light\">\n                                    <div class=\"et_pb_text_inner tur-text\">\n                                    <h2 style=\"text-align: left;\">7-nutsturen<\/h2>\n                                    <h3>I \u00e5r kan du g\u00e5 7-nutsturen b\u00e5de 22. mai og p\u00e5 egenh\u00e5nd frem til 4. september. Dette blir en flott og luftig l\u00f8ype i variert terreng. Du kan g\u00e5 hele l\u00f8ypa p\u00e5 \u00e9n dag eller ta turen i etapper.\u00a0<\/h3>\n<p><strong>7-nuter.<\/strong> Fra parkering p\u00e5 Dale starter ruta mot Lifjell, videre til S\u00f8rafjellet, J\u00f8destadfjellet, Skj\u00f8restadfjellet, Dalsnuten, Mattirudl\u00e5 og Bj\u00f8rndalsfjellet, f\u00f8r man kommer i m\u00e5l nede ved Friluftsl\u00e5ven p\u00e5 Gramstad.\u00a0<\/p>\n<p><strong>5 nuter<\/strong> passer utmerket for deg som \u00f8nsker en nydelig turopplevelse, men som ikke har behov for \u00e5 fullf\u00f8re alle de 7 toppene. Denne turen starter ogs\u00e5 fra Dale til Lifjell, og videre til S\u00f8rafjellet, J\u00f8destadfjellet, Skj\u00f8restadfjellet og opp til Dalsnuten, f\u00f8r man kommer i m\u00e5l ved Gramstad.\u00a0<\/p>\n<p><strong>3 nuter<\/strong> passer godt for barnefamilier og de som \u00f8nsker en kortere tur. Denne turen g\u00e5r fra Dale til J\u00f8destadfjellet, Skj\u00f8restadfjellet og opp til Dalsnuten f\u00f8r man kommer i m\u00e5l nede ved Gramstad.\u00a0<\/p>\n<p>S\u00f8ndag 22. mai kan du v\u00e6re med p\u00e5 den \u00e5rlige 7-nutsturen i regi av Stavanger Turistforening. Se lenke for mer informasjon og nettp\u00e5melding.<\/p>\n<p>7-nutsturen.dnt.no<\/p>\n                                    <\/div>\n                                <\/div>\n                                <a class=\"les-mer-knapp\" href=\"https:\/\/ut.no\/turforslag\/1110925\" target=\"_blank\" style=\"margin-top:1rem!important;\">Les mer p\u00e5 Ut.no<\/a>\n                          <\/div>\n                        <\/div>\n                        <div class=\"et_pb_row et_pb_row_0\">\n                            <div class=\"et_pb_column et_pb_column_1_2 et_pb_column_0  et_pb_css_mix_blend_mode_passthrough\">\n                                    <div class=\"et_pb_module et_pb_text et_pb_text_1  et_pb_text_align_left et_pb_bg_layout_light\">\n                                        <div class=\"et_pb_text_inner\">\n                                            <div class=\"om-turen\">\n                                                <p class=\"om-turen-title\">Om turen<\/p>\n                                                <ul>\n                                                    <li class=\"tur-line\"><strong>Omr\u00e5de<\/strong><\/li>\n                                                    <li class=\"tur-line\">\n                                                        <svg focusable=\"false\" aria-hidden=\"true\" viewBox=\"0 0 384 512\" width=\"20\" height=\"20\"><path d=\"M172.268 501.67C26.97 291.031 0 269.413 0 192 0 85.961 85.961 0 192 0s192 85.961 192 192c0 77.413-26.97 99.031-172.268 309.67-9.535 13.774-29.93 13.773-39.464 0zM192 272c44.183 0 80-35.817 80-80s-35.817-80-80-80-80 35.817-80 80 35.817 80 80 80z\"><\/path><\/svg> \n                                                        Bjerkreim\n                                                    <\/li>\n                                                <\/ul>\n                                                <ul>\n                                                    <li class=\"tur-line\"><strong>Type<\/strong><\/li>\n                                                    <li class=\"tur-line\">\n                                                    \n                                                    Fottur\n                                                    \n                                                    <\/li>\n                                                <\/ul>\n                                                <ul>\n                                                    <li class=\"tur-line\"><strong>Gradering<\/strong><\/li>\n                                                    <li class=\"tur-line\">\n                                                    <svg focusable=\"false\" aria-hidden=\"true\" viewBox=\"0 0 9 9\" width=\"1em\" height=\"1em\"><circle cx=\"4.5\" cy=\"4.5\" r=\"4.5\" fill=\"#d8363c\" fill-rule=\"evenodd\"><\/circle><\/svg> Krevende\n                                                    <\/li>\n                                                <\/ul>\n                                            <\/div>\n                                        <\/div>\n                                        <div class=\"et_pb_button_module_wrapper et_pb_button_1_wrapper  et_pb_module \">\n                                        <p class=\"referanse\">Denne tjenesten er levert av <a href=\"https:\/\/ut.no\" >ut.no<\/a> Klikk p\u00e5 knappen under og finn mer informasjon om turen.<\/p>\n                                        <\/div>\n                                    <\/div>\n                                \n                                <div class=\"et_pb_module et_pb_text et_pb_text_3  et_pb_text_align_left et_pb_bg_layout_light\">\n                                    <div class=\"et_pb_text_inner\">\n                                    <\/div>\n                                <\/div>\n                            <\/div>\n                            <div class=\"et_pb_column et_pb_column_1_2 et_pb_column_1 pa-inline-buttons  et_pb_css_mix_blend_mode_passthrough et-last-child\">\n                                <div class=\"et_pb_module et_pb_image et_pb_image_0\">\n                                    <div id=\"map\" class=\"small-google-map\" style=\"width:100%; height: 242px \"><\/div>\n                                    Finn ruten p\u00e5 <a href=\"https:\/\/ut.no\/turforslag\/1110925\"> Ut.no<\/a>\n                                <\/div>\n                            <\/div>\n                        <\/div>\n                    <\/div>\n                <\/div>\n                <script src=\"https:\/\/lysefjorden365.com\/wp-content\/plugins\/wordpress-turer-plugin\/assets\/findtrips.js\"><\/script><\/div> [\/et_pb_code][\/et_pb_column][\/et_pb_row][\/et_pb_section]\n","protected":false},"excerpt":{"rendered":"<script src=\"https:\/\/cdn.jsdelivr.net\/gh\/openlayers\/openlayers.github.io@master\/en\/v6.5.0\/build\/ol.js\"><\/script>\n        <div class=\"\" ><input type=\"hidden\" id = \"lat\" value=\"5.780304428\"\/><input type=\"hidden\" id = \"long\" value=\"58.901838027\"\/><div class=\"et_builder_inner_content et_pb_gutters3\">  \n                    <div class=\"et_section_regular\">  \n                        <div class=\"et_pb_row et_pb_row_0\" style=\"margin-bottom: 2rem!important;\">\n                            <div class=\"et_pb_column et_pb_column_1_2 et_pb_column_0  et_pb_css_mix_blend_mode_passthrough\">\n                                 <div class=\"\">                                 \n                                 <div style=\"background: url(https:\/\/res.cloudinary.com\/ntb\/image\/upload\/w_1024,q_70\/v1\/trips\/klatfdvswjq5zpwwjd2e) center center no-repeat ;background-size: cover; height: 450px; text-align: center\">\n                        <\/div>                                \n                                <\/div>\n                                <div class=\"et_pb_module et_pb_text et_pb_text_0  et_pb_text_align_left et_pb_bg_layout_light\">\n                                    <div class=\"et_pb_text_inner\"><p><em class=\"fotograf\">Foto av: Marius Vervik<\/em><\/p>\n                                    <\/div>\n                                <\/div>\n                            <\/div>\n                            <div class=\"et_pb_column et_pb_column_1_2 et_pb_column_1 pa-inline-buttons  et_pb_css_mix_blend_mode_passthrough et-last-child\">\n                                    <!--div class=\"et_pb_module et_pb_text_align_left et_pb_bg_layout_light\">\n                                        <div class=\"et_pb_text_inner\">\n                                        <\/div>\n                                    <\/div -->\n                                <div class=\"et_pb_module et_pb_text et_pb_text_3  et_pb_text_align_left et_pb_bg_layout_light\">\n                                    <div class=\"et_pb_text_inner tur-text\">\n                                    <h2 style=\"text-align: left;\">7-notensturen<\/h2>\n                                    <h3>Ik kan je 7 tips geven op 22 mei en op de volgende vrijdag tot 4 september. Dit is een vliegreis en een luftige vlucht in verschillende landen. U kunt uw hele leven op \u00e9\u00e9n dag of op de etappekoers doorbrengen.\u00a0<\/h3>\n<p><strong>7-nutr.<\/strong> Als u parkeert op de Dale-startroute met Lifjell, gaat u naar S\u00f8rafjellet, J\u00f8destadfjellet, Skj\u00f8restadfjellet, Dalsnuten, Mattirudl\u00e5 en Bj\u00f8rndalsfjellet, voor mensen die in de buurt van Friluftsl\u00e5ven in Gramstad komen.\u00a0<\/p>\n<p><strong>5 noot<\/strong> voorbijgaan aan het feit dat het een nieuw niveau is, mannen zijn niet geschikt voor het volledige aantal van de 7 toppen. Deze starter is afkomstig van Dale naar Lifjell, en kijkt naar S\u00f8rafjellet, J\u00f8destadfjellet, Skj\u00f8restadfjellet en opp naar Dalsnuten, voor mensen die in Gramstad komen.\u00a0<\/p>\n<p><strong>3 noot<\/strong> passer godt voor boerenfamilie en de som \u00f8nsker en kleinere tur. Dit is de plek waar Dale naar J\u00f8destadfjellet gaat, Skj\u00f8restadfjellet en naar Dalsnuten gaat voor mensen die in de buurt van Gramstad komen.\u00a0<\/p>\n<p>Zondag 22. mei kunt u met 7-minuten in de richting van Stavanger Turistforening gaan. Zorg voor meer informatie en nettomeldingen.<\/p>\n<p>7-nutsturen.dnt.no<\/p>\n                                    <\/div>\n                                <\/div>\n                                <a class=\"les-mer-knapp\" href=\"https:\/\/ut.no\/turforslag\/1110925\" target=\"_blank\" style=\"margin-top:1rem!important;\">Les mer p\u00e5 Ut.no<\/a>\n                          <\/div>\n                        <\/div>\n                        <div class=\"et_pb_row et_pb_row_0\">\n                            <div class=\"et_pb_column et_pb_column_1_2 et_pb_column_0  et_pb_css_mix_blend_mode_passthrough\">\n                                    <div class=\"et_pb_module et_pb_text et_pb_text_1  et_pb_text_align_left et_pb_bg_layout_light\">\n                                        <div class=\"et_pb_text_inner\">\n                                            <div class=\"om-turen\">\n                                                <p class=\"om-turen-title\">Om turen<\/p>\n                                                <ul>\n                                                    <li class=\"tur-line\"><strong>Omr\u00e5de<\/strong><\/li>\n                                                    <li class=\"tur-line\">\n                                                        <svg focusable=\"false\" aria-hidden=\"true\" viewbox=\"0 0 384 512\" width=\"20\" height=\"20\"><path d=\"M172.268 501.67C26.97 291.031 0 269.413 0 192 0 85.961 85.961 0 192 0s192 85.961 192 192c0 77.413-26.97 99.031-172.268 309.67-9.535 13.774-29.93 13.773-39.464 0zM192 272c44.183 0 80-35.817 80-80s-35.817-80-80-80-80 35.817-80 80 35.817 80 80 80z\"><\/path><\/svg> \n                                                        Bjerkreim\n                                                    <\/li>\n                                                <\/ul>\n                                                <ul>\n                                                    <li class=\"tur-line\"><strong>Type<\/strong><\/li>\n                                                    <li class=\"tur-line\">\n                                                    \n                                                    Foto\n                                                    \n                                                    <\/li>\n                                                <\/ul>\n                                                <ul>\n                                                    <li class=\"tur-line\"><strong>Beoordelen<\/strong><\/li>\n                                                    <li class=\"tur-line\">\n                                                    <svg focusable=\"false\" aria-hidden=\"true\" viewbox=\"0 0 9 9\" width=\"1em\" height=\"1em\"><circle cx=\"4.5\" cy=\"4.5\" r=\"4.5\" fill=\"#d8363c\" fill-rule=\"evenodd\"><\/circle><\/svg> Krevende\n                                                    <\/li>\n                                                <\/ul>\n                                            <\/div>\n                                        <\/div>\n                                        <div class=\"et_pb_button_module_wrapper et_pb_button_1_wrapper  et_pb_module\">\n                                        <p class=\"referanse\">Denne tjenesten er geleverd av <a href=\"https:\/\/ut.no\" >ut.no<\/a> Klik op de knop hieronder en meer informatie over dit onderwerp.<\/p>\n                                        <\/div>\n                                    <\/div>\n                                \n                                <div class=\"et_pb_module et_pb_text et_pb_text_3  et_pb_text_align_left et_pb_bg_layout_light\">\n                                    <div class=\"et_pb_text_inner\">\n                                    <\/div>\n                                <\/div>\n                            <\/div>\n                            <div class=\"et_pb_column et_pb_column_1_2 et_pb_column_1 pa-inline-buttons  et_pb_css_mix_blend_mode_passthrough et-last-child\">\n                                <div class=\"et_pb_module et_pb_image et_pb_image_0\">\n                                    <div id=\"map\" class=\"small-google-map\" style=\"width:100%; height: 242px \"><\/div>\n                                    Finn ruten p\u00e5 <a href=\"https:\/\/ut.no\/turforslag\/1110925\"> Ut.no<\/a>\n                                <\/div>\n                            <\/div>\n                        <\/div>\n                    <\/div>\n                <\/div>\n                <script src=\"https:\/\/lysefjorden365.com\/wp-content\/plugins\/wordpress-turer-plugin\/assets\/findtrips.js\"><\/script><\/div>","protected":false},"author":1,"featured_media":0,"parent":219691,"menu_order":0,"comment_status":"closed","ping_status":"closed","template":"","meta":{"_et_pb_use_builder":"on","_et_pb_old_content":"","_et_gb_content_width":"","footnotes":""},"dipi_cpt_category":[],"class_list":["post-219698","page","type-page","status-publish","hentry"],"yoast_head":"<!-- This site is optimized with the Yoast SEO plugin v27.2 - https:\/\/yoast.com\/product\/yoast-seo-wordpress\/ -->\n<title>Detaljer - Lysefjorden 365<\/title>\n<meta name=\"robots\" content=\"index, follow, max-snippet:-1, max-image-preview:large, max-video-preview:-1\" \/>\n<link rel=\"canonical\" href=\"https:\/\/lysefjorden365.com\/nl\/turer\/detailer\/\" \/>\n<meta property=\"og:locale\" content=\"nl_NL\" \/>\n<meta property=\"og:type\" content=\"article\" \/>\n<meta property=\"og:title\" content=\"Detaljer - Lysefjorden 365\" \/>\n<meta property=\"og:url\" content=\"https:\/\/lysefjorden365.com\/nl\/turer\/detailer\/\" \/>\n<meta property=\"og:site_name\" content=\"Lysefjorden 365\" \/>\n<meta property=\"article:publisher\" content=\"https:\/\/www.facebook.com\/Lysefjorden365\/\" \/>\n<meta property=\"article:modified_time\" content=\"2021-09-28T10:38:57+00:00\" \/>\n<meta name=\"twitter:card\" content=\"summary_large_image\" \/>\n<meta name=\"twitter:description\" content=\"[findtripscode][\/findtripscode]\" \/>\n<meta name=\"twitter:label1\" content=\"Geschatte leestijd\" \/>\n\t<meta name=\"twitter:data1\" content=\"1 minuut\" \/>\n<script type=\"application\/ld+json\" class=\"yoast-schema-graph\">{\"@context\":\"https:\/\/schema.org\",\"@graph\":[{\"@type\":\"WebPage\",\"@id\":\"https:\/\/lysefjorden365.com\/turer\/detaljer\/\",\"url\":\"https:\/\/lysefjorden365.com\/turer\/detaljer\/\",\"name\":\"Detaljer - Lysefjorden 365\",\"isPartOf\":{\"@id\":\"https:\/\/lysefjorden365.com\/#website\"},\"datePublished\":\"2021-09-27T11:56:47+00:00\",\"dateModified\":\"2021-09-28T10:38:57+00:00\",\"breadcrumb\":{\"@id\":\"https:\/\/lysefjorden365.com\/turer\/detaljer\/#breadcrumb\"},\"inLanguage\":\"nl-NL\",\"potentialAction\":[{\"@type\":\"ReadAction\",\"target\":[\"https:\/\/lysefjorden365.com\/turer\/detaljer\/\"]}]},{\"@type\":\"BreadcrumbList\",\"@id\":\"https:\/\/lysefjorden365.com\/turer\/detaljer\/#breadcrumb\",\"itemListElement\":[{\"@type\":\"ListItem\",\"position\":1,\"name\":\"Hjem\",\"item\":\"https:\/\/lysefjorden365.com\/\"},{\"@type\":\"ListItem\",\"position\":2,\"name\":\"Turer rundt Lysefjorden\",\"item\":\"https:\/\/lysefjorden365.com\/turer\/\"},{\"@type\":\"ListItem\",\"position\":3,\"name\":\"Detaljer\"}]},{\"@type\":\"WebSite\",\"@id\":\"https:\/\/lysefjorden365.com\/#website\",\"url\":\"https:\/\/lysefjorden365.com\/\",\"name\":\"Lysefjorden 365\",\"description\":\"quite simply a remarkable place\",\"publisher\":{\"@id\":\"https:\/\/lysefjorden365.com\/#organization\"},\"potentialAction\":[{\"@type\":\"SearchAction\",\"target\":{\"@type\":\"EntryPoint\",\"urlTemplate\":\"https:\/\/lysefjorden365.com\/?s={search_term_string}\"},\"query-input\":{\"@type\":\"PropertyValueSpecification\",\"valueRequired\":true,\"valueName\":\"search_term_string\"}}],\"inLanguage\":\"nl-NL\"},{\"@type\":\"Organization\",\"@id\":\"https:\/\/lysefjorden365.com\/#organization\",\"name\":\"Lysefjorden 365\",\"url\":\"https:\/\/lysefjorden365.com\/\",\"logo\":{\"@type\":\"ImageObject\",\"inLanguage\":\"nl-NL\",\"@id\":\"https:\/\/lysefjorden365.com\/#\/schema\/logo\/image\/\",\"url\":\"https:\/\/lysefjorden365.com\/wp-content\/uploads\/2019\/04\/lysefjorden-365-logo-round.svg\",\"contentUrl\":\"https:\/\/lysefjorden365.com\/wp-content\/uploads\/2019\/04\/lysefjorden-365-logo-round.svg\",\"width\":1,\"height\":1,\"caption\":\"Lysefjorden 365\"},\"image\":{\"@id\":\"https:\/\/lysefjorden365.com\/#\/schema\/logo\/image\/\"},\"sameAs\":[\"https:\/\/www.facebook.com\/Lysefjorden365\/\"]}]}<\/script>\n<!-- \/ Yoast SEO plugin. -->","yoast_head_json":{"title":"Details - Lysefjorden 365","robots":{"index":"index","follow":"follow","max-snippet":"max-snippet:-1","max-image-preview":"max-image-preview:large","max-video-preview":"max-video-preview:-1"},"canonical":"https:\/\/lysefjorden365.com\/nl\/turer\/detailer\/","og_locale":"nl_NL","og_type":"article","og_title":"Detaljer - Lysefjorden 365","og_url":"https:\/\/lysefjorden365.com\/nl\/turer\/detailer\/","og_site_name":"Lysefjorden 365","article_publisher":"https:\/\/www.facebook.com\/Lysefjorden365\/","article_modified_time":"2021-09-28T10:38:57+00:00","twitter_card":"summary_large_image","twitter_description":"[findtripscode][\/findtripscode]","twitter_misc":{"Geschatte leestijd":"1 minuut"},"schema":{"@context":"https:\/\/schema.org","@graph":[{"@type":"WebPage","@id":"https:\/\/lysefjorden365.com\/turer\/detaljer\/","url":"https:\/\/lysefjorden365.com\/turer\/detaljer\/","name":"Details - Lysefjorden 365","isPartOf":{"@id":"https:\/\/lysefjorden365.com\/#website"},"datePublished":"2021-09-27T11:56:47+00:00","dateModified":"2021-09-28T10:38:57+00:00","breadcrumb":{"@id":"https:\/\/lysefjorden365.com\/turer\/detaljer\/#breadcrumb"},"inLanguage":"nl-NL","potentialAction":[{"@type":"ReadAction","target":["https:\/\/lysefjorden365.com\/turer\/detaljer\/"]}]},{"@type":"BreadcrumbList","@id":"https:\/\/lysefjorden365.com\/turer\/detaljer\/#breadcrumb","itemListElement":[{"@type":"ListItem","position":1,"name":"Hjem","item":"https:\/\/lysefjorden365.com\/"},{"@type":"ListItem","position":2,"name":"Turer rundt Lysefjorden","item":"https:\/\/lysefjorden365.com\/turer\/"},{"@type":"ListItem","position":3,"name":"Detaljer"}]},{"@type":"WebSite","@id":"https:\/\/lysefjorden365.com\/#website","url":"https:\/\/lysefjorden365.com\/","name":"Lysefjorden 365","description":"Simpelweg een opmerkelijke plek","publisher":{"@id":"https:\/\/lysefjorden365.com\/#organization"},"potentialAction":[{"@type":"SearchAction","target":{"@type":"EntryPoint","urlTemplate":"https:\/\/lysefjorden365.com\/?s={search_term_string}"},"query-input":{"@type":"PropertyValueSpecification","valueRequired":true,"valueName":"search_term_string"}}],"inLanguage":"nl-NL"},{"@type":"Organization","@id":"https:\/\/lysefjorden365.com\/#organization","name":"Lysefjorden 365","url":"https:\/\/lysefjorden365.com\/","logo":{"@type":"ImageObject","inLanguage":"nl-NL","@id":"https:\/\/lysefjorden365.com\/#\/schema\/logo\/image\/","url":"https:\/\/lysefjorden365.com\/wp-content\/uploads\/2019\/04\/lysefjorden-365-logo-round.svg","contentUrl":"https:\/\/lysefjorden365.com\/wp-content\/uploads\/2019\/04\/lysefjorden-365-logo-round.svg","width":1,"height":1,"caption":"Lysefjorden 365"},"image":{"@id":"https:\/\/lysefjorden365.com\/#\/schema\/logo\/image\/"},"sameAs":["https:\/\/www.facebook.com\/Lysefjorden365\/"]}]}},"publishpress_future_action":{"enabled":false,"date":"2026-04-12 17:30:09","action":"change-status","newStatus":"draft","terms":[],"taxonomy":"dipi_cpt_category","extraData":[]},"publishpress_future_workflow_manual_trigger":{"enabledWorkflows":[]},"_links":{"self":[{"href":"https:\/\/lysefjorden365.com\/nl\/wp-json\/wp\/v2\/pages\/219698","targetHints":{"allow":["GET"]}}],"collection":[{"href":"https:\/\/lysefjorden365.com\/nl\/wp-json\/wp\/v2\/pages"}],"about":[{"href":"https:\/\/lysefjorden365.com\/nl\/wp-json\/wp\/v2\/types\/page"}],"author":[{"embeddable":true,"href":"https:\/\/lysefjorden365.com\/nl\/wp-json\/wp\/v2\/users\/1"}],"replies":[{"embeddable":true,"href":"https:\/\/lysefjorden365.com\/nl\/wp-json\/wp\/v2\/comments?post=219698"}],"version-history":[{"count":0,"href":"https:\/\/lysefjorden365.com\/nl\/wp-json\/wp\/v2\/pages\/219698\/revisions"}],"up":[{"embeddable":true,"href":"https:\/\/lysefjorden365.com\/nl\/wp-json\/wp\/v2\/pages\/219691"}],"wp:attachment":[{"href":"https:\/\/lysefjorden365.com\/nl\/wp-json\/wp\/v2\/media?parent=219698"}],"wp:term":[{"taxonomy":"dipi_cpt_category","embeddable":true,"href":"https:\/\/lysefjorden365.com\/nl\/wp-json\/wp\/v2\/dipi_cpt_category?post=219698"}],"curies":[{"name":"wp","href":"https:\/\/api.w.org\/{rel}","templated":true}]}}