{"id":228789,"date":"2024-03-06T09:09:16","date_gmt":"2024-03-06T08:09:16","guid":{"rendered":"https:\/\/lysefjorden365.wpenginepowered.com\/personvernerklaering-eu\/"},"modified":"2024-03-06T10:32:50","modified_gmt":"2024-03-06T09:32:50","slug":"personvernerklaering","status":"publish","type":"page","link":"https:\/\/lysefjorden365.com\/fr\/personvernerklaering\/","title":{"rendered":"Personvernerkl\u00e6ring"},"content":{"rendered":"<!-- Legal document generated by Complianz | GDPR\/CCPA Cookie Consent https:\/\/wordpress.org\/plugins\/complianz-gdpr -->\n<div id=\"cmplz-document\" class=\"cmplz-document privacy-statement cmplz-document-eu\"><p><i>La pr\u00e9sente d\u00e9claration de confidentialit\u00e9 a \u00e9t\u00e9 mise \u00e0 jour pour la derni\u00e8re fois le 07\/10\/2025 et s&#039;applique aux citoyens et r\u00e9sidents permanents l\u00e9gaux de l&#039;Espace \u00e9conomique europ\u00e9en et de la Suisse.<\/i><br \/><br \/><\/p><p><p>Dans cette d\u00e9claration de confidentialit\u00e9, nous expliquons ce que nous faisons des donn\u00e9es que nous obtenons \u00e0 votre sujet via <a href=\"https:\/\/lysefjorden365.com\/fr\">https:\/\/lysefjorden365.com\/fr<\/a>. Nous vous recommandons de lire attentivement cette d\u00e9claration. Le traitement de vos donn\u00e9es est conforme \u00e0 la l\u00e9gislation en vigueur en mati\u00e8re de protection des donn\u00e9es. Cela signifie notamment que\u00a0:<\/p><ul>\n                <li>Nous indiquons clairement les finalit\u00e9s pour lesquelles nous traitons les donn\u00e9es personnelles. Nous le faisons au moyen de la pr\u00e9sente d\u00e9claration de confidentialit\u00e9\u00a0;<\/li>\n                <li>Notre objectif est de limiter la collecte de donn\u00e9es personnelles aux seules donn\u00e9es personnelles n\u00e9cessaires \u00e0 des fins l\u00e9gitimes\u00a0;<\/li>\n                <li>Nous vous demandons d&#039;abord votre consentement explicite pour traiter vos donn\u00e9es personnelles dans les cas o\u00f9 votre consentement est requis\u00a0;<\/li>\n                <li>Nous prenons les mesures de s\u00e9curit\u00e9 appropri\u00e9es pour prot\u00e9ger vos donn\u00e9es personnelles et exigeons \u00e9galement cela des parties qui traitent des donn\u00e9es personnelles pour notre compte\u00a0;<\/li>\n                <li>Nous respectons votre droit d&#039;acc\u00e9der \u00e0 vos donn\u00e9es personnelles, de les faire rectifier ou supprimer, sur votre demande.<\/li>\n            <\/ul><p>Si vous avez des questions ou souhaitez savoir exactement quelles donn\u00e9es nous conservons vous concernant, veuillez nous contacter.<\/p><\/p><h2>1. Finalit\u00e9, donn\u00e9es et dur\u00e9e de conservation<\/h2>Nous pouvons collecter ou recevoir des renseignements personnels \u00e0 diverses fins li\u00e9es \u00e0 nos activit\u00e9s commerciales, notamment les suivantes\u00a0: (cliquez pour d\u00e9velopper)<details class=\"cmplz-dropdown dropdown-privacy-statement\"><summary><div><h3>1.1 Pour fournir des services ou des produits qu&#039;un client souhaite acheter ou qu&#039;il a d\u00e9j\u00e0 achet\u00e9s.<\/h3><\/div><\/summary><p class=\"cmplz-subtitle\">\u00c0 cette fin, nous utilisons les donn\u00e9es suivantes\u00a0:<\/p><p><ul><li>Adresse IP<\/li><\/ul><\/p><p class=\"cmplz-subtitle\">Le fondement juridique sur lequel nous pouvons traiter ces donn\u00e9es est le suivant\u00a0:<\/p><p><a target=\"_blank\" rel=\"noopener noreferrer nofollow\" href=\"https:\/\/cookiedatabase.org\/legal-bases\/#consent\">Sous r\u00e9serve de l&#039;obtention du consentement.<\/a><\/p><p class=\"cmplz-subtitle\">P\u00e9riode de r\u00e9tention<\/p><p>Nous conservons ces donn\u00e9es jusqu&#039;\u00e0 la r\u00e9siliation du service.<\/p><\/details><details class=\"cmplz-dropdown dropdown-privacy-statement\"><summary><div><h3>1.2 Compilation et analyse des statistiques pour l&#039;am\u00e9lioration du site web.<\/h3><\/div><\/summary><p class=\"cmplz-subtitle\">\u00c0 cette fin, nous utilisons les donn\u00e9es suivantes\u00a0:<\/p><p><ul><li>Donn\u00e9es de g\u00e9olocalisation<\/li><li>Adresse IP<\/li><\/ul><\/p><p class=\"cmplz-subtitle\">Le fondement juridique sur lequel nous pouvons traiter ces donn\u00e9es est le suivant\u00a0:<\/p><p><a target=\"_blank\" rel=\"noopener noreferrer nofollow\" href=\"https:\/\/cookiedatabase.org\/legal-bases\/#consent\">Sous r\u00e9serve de l&#039;obtention du consentement.<\/a><\/p><p class=\"cmplz-subtitle\">P\u00e9riode de r\u00e9tention<\/p><p>Nous conservons ces donn\u00e9es jusqu&#039;\u00e0 la r\u00e9siliation du service.<\/p><\/details><details class=\"cmplz-dropdown dropdown-privacy-statement\"><summary><div><h3>1.3 \u00catre en mesure de proposer des produits et services personnalis\u00e9s<\/h3><\/div><\/summary><p class=\"cmplz-subtitle\">\u00c0 cette fin, nous utilisons les donn\u00e9es suivantes\u00a0:<\/p><p><ul><li>Adresse IP<\/li><li>Donn\u00e9es de g\u00e9olocalisation<\/li><\/ul><\/p><p class=\"cmplz-subtitle\">Le fondement juridique sur lequel nous pouvons traiter ces donn\u00e9es est le suivant\u00a0:<\/p><p><a target=\"_blank\" rel=\"noopener noreferrer nofollow\" href=\"https:\/\/cookiedatabase.org\/legal-bases\/#consent\">Sous r\u00e9serve de l&#039;obtention du consentement.<\/a><\/p><p class=\"cmplz-subtitle\">P\u00e9riode de r\u00e9tention<\/p><p>Nous conservons ces donn\u00e9es jusqu&#039;\u00e0 la r\u00e9siliation du service.<\/p><\/details><details class=\"cmplz-dropdown dropdown-privacy-statement\"><summary><div><h3>1.4 Contact \u2013 Par t\u00e9l\u00e9phone, courrier, courriel et\/ou formulaires Web<\/h3><\/div><\/summary><p class=\"cmplz-subtitle\">\u00c0 cette fin, nous utilisons les donn\u00e9es suivantes\u00a0:<\/p><p><ul><li>Adresse IP<\/li><\/ul><\/p><p class=\"cmplz-subtitle\">Le fondement juridique sur lequel nous pouvons traiter ces donn\u00e9es est le suivant\u00a0:<\/p><p><a target=\"_blank\" rel=\"noopener noreferrer nofollow\" href=\"https:\/\/cookiedatabase.org\/legal-bases\/#consent\">Sous r\u00e9serve de l&#039;obtention du consentement.<\/a><\/p><p class=\"cmplz-subtitle\">P\u00e9riode de r\u00e9tention<\/p><p>Nous conservons ces donn\u00e9es jusqu&#039;\u00e0 la r\u00e9siliation du service.<\/p><\/details><h2>2. Partage avec d&#039;autres parties<\/h2><p>Nous ne partageons ou ne divulguons ces donn\u00e9es \u00e0 des sous-traitants que pour les finalit\u00e9s suivantes\u00a0:<\/p><p class=\"cmplz-subtitle\">Processeurs<\/p><p><b>Nom:<\/b>&nbsp;Megabite AS<br \/>\n            <b>Pays:<\/b>&nbsp;Norv\u00e8ge<br \/>\n            <b>But:<\/b>&nbsp;Services informatiques<br \/>\n            <\/p><h2>3. Cookies<\/h2><p>Notre site web utilise des cookies. Pour plus d&#039;informations sur les cookies, veuillez consulter notre politique en mati\u00e8re de cookies. <a href=\"https:\/\/lysefjorden365.com\/fr\/cookie-info\/\">Politique relative aux cookies<\/a>.&nbsp;<\/p><h2>4. Pratiques de divulgation<\/h2><p><p>Nous divulguons des renseignements personnels si la loi ou une ordonnance judiciaire nous y oblige, en r\u00e9ponse \u00e0 une demande d&#039;un organisme d&#039;application de la loi, dans la mesure permise par d&#039;autres dispositions l\u00e9gales, pour fournir des renseignements ou dans le cadre d&#039;une enqu\u00eate sur une question li\u00e9e \u00e0 la s\u00e9curit\u00e9 publique.<\/p><p>Si notre site web ou notre organisation est rachet\u00e9, vendu ou impliqu\u00e9 dans une fusion ou une acquisition, vos informations pourront \u00eatre divulgu\u00e9es \u00e0 nos conseillers et \u00e0 tout acheteur potentiel et seront transmises aux nouveaux propri\u00e9taires.<\/p><\/p><p>Nous avons conclu un accord de traitement des donn\u00e9es avec Google.<\/p><h2>5. S\u00e9curit\u00e9<\/h2><p>Nous nous engageons \u00e0 assurer la s\u00e9curit\u00e9 de vos donn\u00e9es personnelles. Nous prenons les mesures de s\u00e9curit\u00e9 appropri\u00e9es pour limiter les abus et les acc\u00e8s non autoris\u00e9s \u00e0 vos donn\u00e9es. Ainsi, seules les personnes autoris\u00e9es y ont acc\u00e8s, cet acc\u00e8s est prot\u00e9g\u00e9 et nos mesures de s\u00e9curit\u00e9 sont r\u00e9guli\u00e8rement mises \u00e0 jour.<\/p><h2>6. Sites Web tiers<\/h2><p>La pr\u00e9sente d\u00e9claration de confidentialit\u00e9 ne s&#039;applique pas aux sites web tiers accessibles via des liens pr\u00e9sents sur notre site. Nous ne pouvons garantir que ces tiers traitent vos donn\u00e9es personnelles de mani\u00e8re fiable et s\u00e9curis\u00e9e. Nous vous recommandons de consulter les d\u00e9clarations de confidentialit\u00e9 de ces sites web avant de les utiliser.<\/p><h2>7. Modifications de la pr\u00e9sente d\u00e9claration de confidentialit\u00e9<\/h2><p>Nous nous r\u00e9servons le droit de modifier la pr\u00e9sente d\u00e9claration de confidentialit\u00e9. Nous vous recommandons de la consulter r\u00e9guli\u00e8rement afin de prendre connaissance de toute modification. De plus, nous vous informerons activement dans la mesure du possible.<\/p><h2>8. Acc\u00e8s et modification de vos donn\u00e9es<\/h2><p>Pour toute question ou pour savoir quelles donn\u00e9es personnelles nous d\u00e9tenons vous concernant, veuillez nous contacter. Vous pouvez nous contacter en utilisant les informations ci-dessous. Vous disposez des droits suivants\u00a0:<\/p><ul>\n                <li>Vous avez le droit de savoir pourquoi vos donn\u00e9es personnelles sont n\u00e9cessaires, ce qu&#039;il adviendra de ces donn\u00e9es et pendant combien de temps elles seront conserv\u00e9es.<\/li>\n                <li>Droit d\u2019acc\u00e8s\u00a0: Vous avez le droit d\u2019acc\u00e9der \u00e0 vos donn\u00e9es personnelles que nous d\u00e9tenons.<\/li>\n                <li>Droit de rectification\u00a0: vous avez le droit de compl\u00e9ter, corriger, supprimer ou bloquer vos donn\u00e9es personnelles \u00e0 tout moment.<\/li>\n                <li>Si vous nous donnez votre consentement pour le traitement de vos donn\u00e9es, vous avez le droit de retirer ce consentement et de faire supprimer vos donn\u00e9es personnelles.<\/li>\n                <li>Droit \u00e0 la portabilit\u00e9 des donn\u00e9es\u00a0: vous avez le droit de demander au responsable du traitement l\u2019int\u00e9gralit\u00e9 de vos donn\u00e9es personnelles et de les transf\u00e9rer \u00e0 un autre responsable du traitement.<\/li>\n                <li>Droit d\u2019opposition\u00a0: vous pouvez vous opposer au traitement de vos donn\u00e9es. Nous respectons ce droit, sauf s\u2019il existe des motifs l\u00e9gitimes et justifi\u00e9s pour le traitement.<\/li>\n            <\/ul><p>Veuillez toujours indiquer clairement votre identit\u00e9, afin que nous puissions \u00eatre certains de ne pas modifier ou supprimer les donn\u00e9es d&#039;une autre personne.<\/p><h2>9. D\u00e9poser une plainte<\/h2><p>Si vous n&#039;\u00eates pas satisfait de la mani\u00e8re dont nous traitons (une r\u00e9clamation concernant) le traitement de vos donn\u00e9es personnelles, vous avez le droit de d\u00e9poser une plainte aupr\u00e8s de l&#039;Autorit\u00e9 de protection des donn\u00e9es.<\/p><h2>10. Coordonn\u00e9es<\/h2><p>Lysefjorden Utvikling AS<br \/>\n        Kommunehuset, 4110 Forsand<br \/>\n        Norv\u00e8ge<br \/>\n        Site web: <a href=\"https:\/\/lysefjorden365.com\/fr\">https:\/\/lysefjorden365.com\/fr<\/a> <br \/>\n        E-mail: <span class=\"cmplz-obfuscate\">joha&#110;n&#101;s@<span class=\"cmplz-fmail-domain\">ex.com<\/span>&#108;yse&#102;&#106;&#111;rden36&#053;&#046;&#110;o<\/span> <br \/>\n        Num\u00e9ro de t\u00e9l\u00e9phone : 95 558 952<\/p><\/div>","protected":false},"excerpt":{"rendered":"","protected":false},"author":1,"featured_media":0,"parent":0,"menu_order":0,"comment_status":"closed","ping_status":"closed","template":"","meta":{"_et_pb_use_builder":"","_et_pb_old_content":"","_et_gb_content_width":"","footnotes":""},"dipi_cpt_category":[],"class_list":["post-228789","page","type-page","status-publish","hentry"],"yoast_head":"<!-- This site is optimized with the Yoast SEO plugin v27.2 - https:\/\/yoast.com\/product\/yoast-seo-wordpress\/ -->\n<title>Personvernerkl\u00e6ring - Lysefjorden 365<\/title>\n<meta name=\"robots\" content=\"index, follow, max-snippet:-1, max-image-preview:large, max-video-preview:-1\" \/>\n<link rel=\"canonical\" href=\"https:\/\/lysefjorden365.com\/fr\/personvernerklaering\/\" \/>\n<meta property=\"og:locale\" content=\"fr_FR\" \/>\n<meta property=\"og:type\" content=\"article\" \/>\n<meta property=\"og:title\" content=\"Personvernerkl\u00e6ring - Lysefjorden 365\" \/>\n<meta property=\"og:url\" content=\"https:\/\/lysefjorden365.com\/fr\/personvernerklaering\/\" \/>\n<meta property=\"og:site_name\" content=\"Lysefjorden 365\" \/>\n<meta property=\"article:publisher\" content=\"https:\/\/www.facebook.com\/Lysefjorden365\/\" \/>\n<meta property=\"article:modified_time\" content=\"2024-03-06T09:32:50+00:00\" \/>\n<meta name=\"twitter:card\" content=\"summary_large_image\" \/>\n<script type=\"application\/ld+json\" class=\"yoast-schema-graph\">{\"@context\":\"https:\/\/schema.org\",\"@graph\":[{\"@type\":\"WebPage\",\"@id\":\"https:\/\/lysefjorden365.com\/personvernerklaering\/\",\"url\":\"https:\/\/lysefjorden365.com\/personvernerklaering\/\",\"name\":\"Personvernerkl\u00e6ring - Lysefjorden 365\",\"isPartOf\":{\"@id\":\"https:\/\/lysefjorden365.com\/#website\"},\"datePublished\":\"2024-03-06T08:09:16+00:00\",\"dateModified\":\"2024-03-06T09:32:50+00:00\",\"breadcrumb\":{\"@id\":\"https:\/\/lysefjorden365.com\/personvernerklaering\/#breadcrumb\"},\"inLanguage\":\"fr-FR\",\"potentialAction\":[{\"@type\":\"ReadAction\",\"target\":[\"https:\/\/lysefjorden365.com\/personvernerklaering\/\"]}]},{\"@type\":\"BreadcrumbList\",\"@id\":\"https:\/\/lysefjorden365.com\/personvernerklaering\/#breadcrumb\",\"itemListElement\":[{\"@type\":\"ListItem\",\"position\":1,\"name\":\"Hjem\",\"item\":\"https:\/\/lysefjorden365.com\/\"},{\"@type\":\"ListItem\",\"position\":2,\"name\":\"Personvernerkl\u00e6ring\"}]},{\"@type\":\"WebSite\",\"@id\":\"https:\/\/lysefjorden365.com\/#website\",\"url\":\"https:\/\/lysefjorden365.com\/\",\"name\":\"Lysefjorden 365\",\"description\":\"quite simply a remarkable place\",\"publisher\":{\"@id\":\"https:\/\/lysefjorden365.com\/#organization\"},\"potentialAction\":[{\"@type\":\"SearchAction\",\"target\":{\"@type\":\"EntryPoint\",\"urlTemplate\":\"https:\/\/lysefjorden365.com\/?s={search_term_string}\"},\"query-input\":{\"@type\":\"PropertyValueSpecification\",\"valueRequired\":true,\"valueName\":\"search_term_string\"}}],\"inLanguage\":\"fr-FR\"},{\"@type\":\"Organization\",\"@id\":\"https:\/\/lysefjorden365.com\/#organization\",\"name\":\"Lysefjorden 365\",\"url\":\"https:\/\/lysefjorden365.com\/\",\"logo\":{\"@type\":\"ImageObject\",\"inLanguage\":\"fr-FR\",\"@id\":\"https:\/\/lysefjorden365.com\/#\/schema\/logo\/image\/\",\"url\":\"https:\/\/lysefjorden365.com\/wp-content\/uploads\/2019\/04\/lysefjorden-365-logo-round.svg\",\"contentUrl\":\"https:\/\/lysefjorden365.com\/wp-content\/uploads\/2019\/04\/lysefjorden-365-logo-round.svg\",\"width\":1,\"height\":1,\"caption\":\"Lysefjorden 365\"},\"image\":{\"@id\":\"https:\/\/lysefjorden365.com\/#\/schema\/logo\/image\/\"},\"sameAs\":[\"https:\/\/www.facebook.com\/Lysefjorden365\/\"]}]}<\/script>\n<!-- \/ Yoast SEO plugin. -->","yoast_head_json":{"title":"Personnesvernerkl\u00e6ring - Lysefjorden 365","robots":{"index":"index","follow":"follow","max-snippet":"max-snippet:-1","max-image-preview":"max-image-preview:large","max-video-preview":"max-video-preview:-1"},"canonical":"https:\/\/lysefjorden365.com\/fr\/personvernerklaering\/","og_locale":"fr_FR","og_type":"article","og_title":"Personvernerkl\u00e6ring - Lysefjorden 365","og_url":"https:\/\/lysefjorden365.com\/fr\/personvernerklaering\/","og_site_name":"Lysefjorden 365","article_publisher":"https:\/\/www.facebook.com\/Lysefjorden365\/","article_modified_time":"2024-03-06T09:32:50+00:00","twitter_card":"summary_large_image","schema":{"@context":"https:\/\/schema.org","@graph":[{"@type":"WebPage","@id":"https:\/\/lysefjorden365.com\/personvernerklaering\/","url":"https:\/\/lysefjorden365.com\/personvernerklaering\/","name":"Personnesvernerkl\u00e6ring - Lysefjorden 365","isPartOf":{"@id":"https:\/\/lysefjorden365.com\/#website"},"datePublished":"2024-03-06T08:09:16+00:00","dateModified":"2024-03-06T09:32:50+00:00","breadcrumb":{"@id":"https:\/\/lysefjorden365.com\/personvernerklaering\/#breadcrumb"},"inLanguage":"fr-FR","potentialAction":[{"@type":"ReadAction","target":["https:\/\/lysefjorden365.com\/personvernerklaering\/"]}]},{"@type":"BreadcrumbList","@id":"https:\/\/lysefjorden365.com\/personvernerklaering\/#breadcrumb","itemListElement":[{"@type":"ListItem","position":1,"name":"Hjem","item":"https:\/\/lysefjorden365.com\/"},{"@type":"ListItem","position":2,"name":"Personvernerkl\u00e6ring"}]},{"@type":"WebSite","@id":"https:\/\/lysefjorden365.com\/#website","url":"https:\/\/lysefjorden365.com\/","name":"Lysefjorden 365","description":"tout simplement un endroit remarquable","publisher":{"@id":"https:\/\/lysefjorden365.com\/#organization"},"potentialAction":[{"@type":"SearchAction","target":{"@type":"EntryPoint","urlTemplate":"https:\/\/lysefjorden365.com\/?s={search_term_string}"},"query-input":{"@type":"PropertyValueSpecification","valueRequired":true,"valueName":"search_term_string"}}],"inLanguage":"fr-FR"},{"@type":"Organization","@id":"https:\/\/lysefjorden365.com\/#organization","name":"Lysefjorden 365","url":"https:\/\/lysefjorden365.com\/","logo":{"@type":"ImageObject","inLanguage":"fr-FR","@id":"https:\/\/lysefjorden365.com\/#\/schema\/logo\/image\/","url":"https:\/\/lysefjorden365.com\/wp-content\/uploads\/2019\/04\/lysefjorden-365-logo-round.svg","contentUrl":"https:\/\/lysefjorden365.com\/wp-content\/uploads\/2019\/04\/lysefjorden-365-logo-round.svg","width":1,"height":1,"caption":"Lysefjorden 365"},"image":{"@id":"https:\/\/lysefjorden365.com\/#\/schema\/logo\/image\/"},"sameAs":["https:\/\/www.facebook.com\/Lysefjorden365\/"]}]}},"publishpress_future_action":{"enabled":false,"date":"2026-04-11 11:15:27","action":"change-status","newStatus":"draft","terms":[],"taxonomy":"dipi_cpt_category","extraData":[]},"publishpress_future_workflow_manual_trigger":{"enabledWorkflows":[]},"_links":{"self":[{"href":"https:\/\/lysefjorden365.com\/fr\/wp-json\/wp\/v2\/pages\/228789","targetHints":{"allow":["GET"]}}],"collection":[{"href":"https:\/\/lysefjorden365.com\/fr\/wp-json\/wp\/v2\/pages"}],"about":[{"href":"https:\/\/lysefjorden365.com\/fr\/wp-json\/wp\/v2\/types\/page"}],"author":[{"embeddable":true,"href":"https:\/\/lysefjorden365.com\/fr\/wp-json\/wp\/v2\/users\/1"}],"replies":[{"embeddable":true,"href":"https:\/\/lysefjorden365.com\/fr\/wp-json\/wp\/v2\/comments?post=228789"}],"version-history":[{"count":0,"href":"https:\/\/lysefjorden365.com\/fr\/wp-json\/wp\/v2\/pages\/228789\/revisions"}],"wp:attachment":[{"href":"https:\/\/lysefjorden365.com\/fr\/wp-json\/wp\/v2\/media?parent=228789"}],"wp:term":[{"taxonomy":"dipi_cpt_category","embeddable":true,"href":"https:\/\/lysefjorden365.com\/fr\/wp-json\/wp\/v2\/dipi_cpt_category?post=228789"}],"curies":[{"name":"wp","href":"https:\/\/api.w.org\/{rel}","templated":true}]}}