{"id":228789,"date":"2024-03-06T09:09:16","date_gmt":"2024-03-06T08:09:16","guid":{"rendered":"https:\/\/lysefjorden365.wpenginepowered.com\/personvernerklaering-eu\/"},"modified":"2024-03-06T10:32:50","modified_gmt":"2024-03-06T09:32:50","slug":"declaracion-de-personalidad","status":"publish","type":"page","link":"https:\/\/lysefjorden365.com\/es\/personvernerklaering\/","title":{"rendered":"Declaraci\u00f3n de personalidad"},"content":{"rendered":"<!-- Legal document generated by Complianz | GDPR\/CCPA Cookie Consent https:\/\/wordpress.org\/plugins\/complianz-gdpr -->\n<div id=\"cmplz-document\" class=\"cmplz-document privacy-statement cmplz-document-eu\"><p><i>Esta declaraci\u00f3n de privacidad se actualiz\u00f3 por \u00faltima vez el 07\/10\/2025 y se aplica a los ciudadanos y residentes legales permanentes del Espacio Econ\u00f3mico Europeo y Suiza.<\/i><br \/><br \/><\/p><p><p>En esta declaraci\u00f3n de privacidad, explicamos qu\u00e9 hacemos con los datos que obtenemos sobre usted a trav\u00e9s de <a href=\"https:\/\/lysefjorden365.com\/es\">https:\/\/lysefjorden365.com\/es<\/a>. Le recomendamos que lea atentamente esta declaraci\u00f3n. En nuestro tratamiento, cumplimos con los requisitos de la legislaci\u00f3n sobre privacidad. Esto significa, entre otras cosas, que:<\/p><ul>\n                <li>Indicamos claramente los fines para los que tratamos sus datos personales. Lo hacemos mediante esta declaraci\u00f3n de privacidad.;<\/li>\n                <li>Nuestro objetivo es limitar nuestra recopilaci\u00f3n de datos personales \u00fanicamente a los datos personales necesarios para fines leg\u00edtimos;<\/li>\n                <li>Primero solicitamos su consentimiento expl\u00edcito para procesar sus datos personales en los casos que requieran su consentimiento;<\/li>\n                <li>tomamos medidas de seguridad adecuadas para proteger sus datos personales y tambi\u00e9n lo exigimos a las partes que procesan datos personales en nuestro nombre;<\/li>\n                <li>Respetamos su derecho a acceder a sus datos personales o a corregirlos o eliminarlos, a petici\u00f3n suya.<\/li>\n            <\/ul><p>Si tiene alguna pregunta o desea saber exactamente qu\u00e9 datos suyos conservamos, p\u00f3ngase en contacto con nosotros.<\/p><\/p><h2>1. Finalidad, datos y plazo de conservaci\u00f3n<\/h2>Podemos recopilar o recibir informaci\u00f3n personal para diversos fines relacionados con nuestras operaciones comerciales, que pueden incluir los siguientes: (haga clic para expandir)<details class=\"cmplz-dropdown dropdown-privacy-statement\"><summary><div><h3>1.1 Para respaldar servicios o productos que un cliente desea comprar o ha comprado<\/h3><\/div><\/summary><p class=\"cmplz-subtitle\">Para este fin utilizamos los siguientes datos:<\/p><p><ul><li>Direcci\u00f3n IP<\/li><\/ul><\/p><p class=\"cmplz-subtitle\">La base sobre la que podemos procesar estos datos es:<\/p><p><a target=\"_blank\" rel=\"noopener noreferrer nofollow\" href=\"https:\/\/cookiedatabase.org\/legal-bases\/#consent\">Previa prestaci\u00f3n del consentimiento.<\/a><\/p><p class=\"cmplz-subtitle\">Per\u00edodo de retenci\u00f3n<\/p><p>Conservamos estos datos hasta que finalice el servicio.<\/p><\/details><details class=\"cmplz-dropdown dropdown-privacy-statement\"><summary><div><h3>1.2 Recopilar y analizar estad\u00edsticas para la mejora del sitio web.<\/h3><\/div><\/summary><p class=\"cmplz-subtitle\">Para este fin utilizamos los siguientes datos:<\/p><p><ul><li>Datos de geolocalizaci\u00f3n<\/li><li>Direcci\u00f3n IP<\/li><\/ul><\/p><p class=\"cmplz-subtitle\">La base sobre la que podemos procesar estos datos es:<\/p><p><a target=\"_blank\" rel=\"noopener noreferrer nofollow\" href=\"https:\/\/cookiedatabase.org\/legal-bases\/#consent\">Previa prestaci\u00f3n del consentimiento.<\/a><\/p><p class=\"cmplz-subtitle\">Per\u00edodo de retenci\u00f3n<\/p><p>Conservamos estos datos hasta que finalice el servicio.<\/p><\/details><details class=\"cmplz-dropdown dropdown-privacy-statement\"><summary><div><h3>1.3 Para poder ofrecer productos y servicios personalizados<\/h3><\/div><\/summary><p class=\"cmplz-subtitle\">Para este fin utilizamos los siguientes datos:<\/p><p><ul><li>Direcci\u00f3n IP<\/li><li>Datos de geolocalizaci\u00f3n<\/li><\/ul><\/p><p class=\"cmplz-subtitle\">La base sobre la que podemos procesar estos datos es:<\/p><p><a target=\"_blank\" rel=\"noopener noreferrer nofollow\" href=\"https:\/\/cookiedatabase.org\/legal-bases\/#consent\">Previa prestaci\u00f3n del consentimiento.<\/a><\/p><p class=\"cmplz-subtitle\">Per\u00edodo de retenci\u00f3n<\/p><p>Conservamos estos datos hasta que finalice el servicio.<\/p><\/details><details class=\"cmplz-dropdown dropdown-privacy-statement\"><summary><div><h3>1.4 Contacto \u2013 A trav\u00e9s de tel\u00e9fono, correo postal, correo electr\u00f3nico y\/o formularios web<\/h3><\/div><\/summary><p class=\"cmplz-subtitle\">Para este fin utilizamos los siguientes datos:<\/p><p><ul><li>Direcci\u00f3n IP<\/li><\/ul><\/p><p class=\"cmplz-subtitle\">La base sobre la que podemos procesar estos datos es:<\/p><p><a target=\"_blank\" rel=\"noopener noreferrer nofollow\" href=\"https:\/\/cookiedatabase.org\/legal-bases\/#consent\">Previa prestaci\u00f3n del consentimiento.<\/a><\/p><p class=\"cmplz-subtitle\">Per\u00edodo de retenci\u00f3n<\/p><p>Conservamos estos datos hasta que finalice el servicio.<\/p><\/details><h2>2. Compartir con otras partes<\/h2><p>Solo compartimos o divulgamos estos datos a los procesadores para los siguientes fines:<\/p><p class=\"cmplz-subtitle\">Procesadores<\/p><p><b>Nombre:<\/b>&nbsp;Megabite AS<br \/>\n            <b>Pa\u00eds:<\/b>&nbsp;Noruega<br \/>\n            <b>Objetivo:<\/b>&nbsp;Servicios de TI<br \/>\n            <\/p><h2>3. Galletas<\/h2><p>Nuestro sitio web utiliza cookies. Para obtener m\u00e1s informaci\u00f3n sobre las cookies, consulte nuestra <a href=\"https:\/\/lysefjorden365.com\/es\/cookie-info\/\">Pol\u00edtica de cookies<\/a>.&nbsp;<\/p><h2>4. Pr\u00e1cticas de divulgaci\u00f3n<\/h2><p><p>Divulgamos informaci\u00f3n personal si as\u00ed lo exige la ley o una orden judicial, en respuesta a una agencia de aplicaci\u00f3n de la ley, en la medida permitida por otras disposiciones de la ley, para proporcionar informaci\u00f3n o para una investigaci\u00f3n sobre un asunto relacionado con la seguridad p\u00fablica.<\/p><p>Si nuestro sitio web u organizaci\u00f3n es adquirido, vendido o se ve involucrado en una fusi\u00f3n o adquisici\u00f3n, sus datos pueden ser revelados a nuestros asesores y a cualquier posible comprador y se transmitir\u00e1n a los nuevos propietarios.<\/p><\/p><p>Hemos celebrado un acuerdo de procesamiento de datos con Google.<\/p><h2>5. Seguridad<\/h2><p>Nos comprometemos con la seguridad de sus datos personales. Tomamos las medidas de seguridad adecuadas para limitar el abuso y el acceso no autorizado a sus datos personales. Esto garantiza que solo las personas necesarias tengan acceso a sus datos, que el acceso a ellos est\u00e9 protegido y que nuestras medidas de seguridad se revisen peri\u00f3dicamente.<\/p><h2>6. Sitios web de terceros<\/h2><p>Esta declaraci\u00f3n de privacidad no se aplica a sitios web de terceros conectados mediante enlaces en nuestro sitio web. No podemos garantizar que estos terceros gestionen sus datos personales de forma fiable y segura. Le recomendamos que lea las declaraciones de privacidad de estos sitios web antes de utilizarlos.<\/p><h2>7. Modificaciones a esta declaraci\u00f3n de privacidad<\/h2><p>Nos reservamos el derecho de modificar esta declaraci\u00f3n de privacidad. Le recomendamos que la consulte peri\u00f3dicamente para mantenerse al tanto de cualquier cambio. Adem\u00e1s, le informaremos activamente siempre que sea posible.<\/p><h2>8. Acceso y modificaci\u00f3n de sus datos<\/h2><p>Si tiene alguna pregunta o desea saber qu\u00e9 datos personales tenemos sobre usted, p\u00f3ngase en contacto con nosotros. Puede contactarnos utilizando la informaci\u00f3n a continuaci\u00f3n. Tiene los siguientes derechos:<\/p><ul>\n                <li>Tiene derecho a saber por qu\u00e9 se necesitan sus datos personales, qu\u00e9 pasar\u00e1 con ellos y durante cu\u00e1nto tiempo se conservar\u00e1n.<\/li>\n                <li>Derecho de acceso: Usted tiene derecho a acceder a sus datos personales que conocemos.<\/li>\n                <li>Derecho de rectificaci\u00f3n: tienes derecho a completar, corregir, eliminar o bloquear tus datos personales cuando lo desees.<\/li>\n                <li>Si nos da su consentimiento para procesar sus datos, tiene derecho a revocar dicho consentimiento y a eliminar sus datos personales.<\/li>\n                <li>Derecho a la portabilidad de tus datos: tienes derecho a solicitar todos tus datos personales al responsable del tratamiento y transferirlos \u00edntegramente a otro responsable del tratamiento.<\/li>\n                <li>Derecho de oposici\u00f3n: puede oponerse al tratamiento de sus datos. Lo respetamos, salvo que existan motivos justificados para el tratamiento.<\/li>\n            <\/ul><p>Por favor aseg\u00farese de indicar siempre claramente qui\u00e9n es usted, para que podamos estar seguros de no modificar o eliminar ning\u00fan dato de la persona equivocada.<\/p><h2>9. Presentar una queja<\/h2><p>Si no est\u00e1 satisfecho con la forma en que manejamos (una queja sobre) el procesamiento de sus datos personales, tiene derecho a presentar una queja ante la Autoridad de Protecci\u00f3n de Datos.<\/p><h2>10. Datos de contacto<\/h2><p>Lysefjorden Utvikling AS<br \/>\n        Kommunehuset, 4110 Forsand<br \/>\n        Noruega<br \/>\n        Sitio web: <a href=\"https:\/\/lysefjorden365.com\/es\">https:\/\/lysefjorden365.com\/es<\/a> <br \/>\n        Correo electr\u00f3nico: <span class=\"cmplz-obfuscate\">jo&#104;a&#110;&#110;&#101;&#115;@<span class=\"cmplz-fmail-domain\">ex&#046;co&#109;<\/span>&#108;&#121;s&#101;&#102;jo&#114;&#100;en3&#054;5.&#110;o<\/span> <br \/>\n        N\u00famero de tel\u00e9fono: 95 558 952<\/p><\/div>","protected":false},"excerpt":{"rendered":"","protected":false},"author":1,"featured_media":0,"parent":0,"menu_order":0,"comment_status":"closed","ping_status":"closed","template":"","meta":{"_et_pb_use_builder":"","_et_pb_old_content":"","_et_gb_content_width":"","footnotes":""},"dipi_cpt_category":[],"class_list":["post-228789","page","type-page","status-publish","hentry"],"yoast_head":"<!-- This site is optimized with the Yoast SEO plugin v27.2 - https:\/\/yoast.com\/product\/yoast-seo-wordpress\/ -->\n<title>Personvernerkl\u00e6ring - Lysefjorden 365<\/title>\n<meta name=\"robots\" content=\"index, follow, max-snippet:-1, max-image-preview:large, max-video-preview:-1\" \/>\n<link rel=\"canonical\" href=\"https:\/\/lysefjorden365.com\/es\/declaracion-de-personalidad\/\" \/>\n<meta property=\"og:locale\" content=\"es_ES\" \/>\n<meta property=\"og:type\" content=\"article\" \/>\n<meta property=\"og:title\" content=\"Personvernerkl\u00e6ring - Lysefjorden 365\" \/>\n<meta property=\"og:url\" content=\"https:\/\/lysefjorden365.com\/es\/declaracion-de-personalidad\/\" \/>\n<meta property=\"og:site_name\" content=\"Lysefjorden 365\" \/>\n<meta property=\"article:publisher\" content=\"https:\/\/www.facebook.com\/Lysefjorden365\/\" \/>\n<meta property=\"article:modified_time\" content=\"2024-03-06T09:32:50+00:00\" \/>\n<meta name=\"twitter:card\" content=\"summary_large_image\" \/>\n<script type=\"application\/ld+json\" class=\"yoast-schema-graph\">{\"@context\":\"https:\/\/schema.org\",\"@graph\":[{\"@type\":\"WebPage\",\"@id\":\"https:\/\/lysefjorden365.com\/personvernerklaering\/\",\"url\":\"https:\/\/lysefjorden365.com\/personvernerklaering\/\",\"name\":\"Personvernerkl\u00e6ring - Lysefjorden 365\",\"isPartOf\":{\"@id\":\"https:\/\/lysefjorden365.com\/#website\"},\"datePublished\":\"2024-03-06T08:09:16+00:00\",\"dateModified\":\"2024-03-06T09:32:50+00:00\",\"breadcrumb\":{\"@id\":\"https:\/\/lysefjorden365.com\/personvernerklaering\/#breadcrumb\"},\"inLanguage\":\"es\",\"potentialAction\":[{\"@type\":\"ReadAction\",\"target\":[\"https:\/\/lysefjorden365.com\/personvernerklaering\/\"]}]},{\"@type\":\"BreadcrumbList\",\"@id\":\"https:\/\/lysefjorden365.com\/personvernerklaering\/#breadcrumb\",\"itemListElement\":[{\"@type\":\"ListItem\",\"position\":1,\"name\":\"Hjem\",\"item\":\"https:\/\/lysefjorden365.com\/\"},{\"@type\":\"ListItem\",\"position\":2,\"name\":\"Personvernerkl\u00e6ring\"}]},{\"@type\":\"WebSite\",\"@id\":\"https:\/\/lysefjorden365.com\/#website\",\"url\":\"https:\/\/lysefjorden365.com\/\",\"name\":\"Lysefjorden 365\",\"description\":\"quite simply a remarkable place\",\"publisher\":{\"@id\":\"https:\/\/lysefjorden365.com\/#organization\"},\"potentialAction\":[{\"@type\":\"SearchAction\",\"target\":{\"@type\":\"EntryPoint\",\"urlTemplate\":\"https:\/\/lysefjorden365.com\/?s={search_term_string}\"},\"query-input\":{\"@type\":\"PropertyValueSpecification\",\"valueRequired\":true,\"valueName\":\"search_term_string\"}}],\"inLanguage\":\"es\"},{\"@type\":\"Organization\",\"@id\":\"https:\/\/lysefjorden365.com\/#organization\",\"name\":\"Lysefjorden 365\",\"url\":\"https:\/\/lysefjorden365.com\/\",\"logo\":{\"@type\":\"ImageObject\",\"inLanguage\":\"es\",\"@id\":\"https:\/\/lysefjorden365.com\/#\/schema\/logo\/image\/\",\"url\":\"https:\/\/lysefjorden365.com\/wp-content\/uploads\/2019\/04\/lysefjorden-365-logo-round.svg\",\"contentUrl\":\"https:\/\/lysefjorden365.com\/wp-content\/uploads\/2019\/04\/lysefjorden-365-logo-round.svg\",\"width\":1,\"height\":1,\"caption\":\"Lysefjorden 365\"},\"image\":{\"@id\":\"https:\/\/lysefjorden365.com\/#\/schema\/logo\/image\/\"},\"sameAs\":[\"https:\/\/www.facebook.com\/Lysefjorden365\/\"]}]}<\/script>\n<!-- \/ Yoast SEO plugin. -->","yoast_head_json":{"title":"Personvernerkl\u00e6ring - Lysefjorden 365","robots":{"index":"index","follow":"follow","max-snippet":"max-snippet:-1","max-image-preview":"max-image-preview:large","max-video-preview":"max-video-preview:-1"},"canonical":"https:\/\/lysefjorden365.com\/es\/declaracion-de-personalidad\/","og_locale":"es_ES","og_type":"article","og_title":"Personvernerkl\u00e6ring - Lysefjorden 365","og_url":"https:\/\/lysefjorden365.com\/es\/declaracion-de-personalidad\/","og_site_name":"Lysefjorden 365","article_publisher":"https:\/\/www.facebook.com\/Lysefjorden365\/","article_modified_time":"2024-03-06T09:32:50+00:00","twitter_card":"summary_large_image","schema":{"@context":"https:\/\/schema.org","@graph":[{"@type":"WebPage","@id":"https:\/\/lysefjorden365.com\/personvernerklaering\/","url":"https:\/\/lysefjorden365.com\/personvernerklaering\/","name":"Personvernerkl\u00e6ring - Lysefjorden 365","isPartOf":{"@id":"https:\/\/lysefjorden365.com\/#website"},"datePublished":"2024-03-06T08:09:16+00:00","dateModified":"2024-03-06T09:32:50+00:00","breadcrumb":{"@id":"https:\/\/lysefjorden365.com\/personvernerklaering\/#breadcrumb"},"inLanguage":"es","potentialAction":[{"@type":"ReadAction","target":["https:\/\/lysefjorden365.com\/personvernerklaering\/"]}]},{"@type":"BreadcrumbList","@id":"https:\/\/lysefjorden365.com\/personvernerklaering\/#breadcrumb","itemListElement":[{"@type":"ListItem","position":1,"name":"Hjem","item":"https:\/\/lysefjorden365.com\/"},{"@type":"ListItem","position":2,"name":"Personvernerkl\u00e6ring"}]},{"@type":"WebSite","@id":"https:\/\/lysefjorden365.com\/#website","url":"https:\/\/lysefjorden365.com\/","name":"Lysefjord 365","description":"Sencillamente un lugar extraordinario","publisher":{"@id":"https:\/\/lysefjorden365.com\/#organization"},"potentialAction":[{"@type":"SearchAction","target":{"@type":"EntryPoint","urlTemplate":"https:\/\/lysefjorden365.com\/?s={search_term_string}"},"query-input":{"@type":"PropertyValueSpecification","valueRequired":true,"valueName":"search_term_string"}}],"inLanguage":"es"},{"@type":"Organization","@id":"https:\/\/lysefjorden365.com\/#organization","name":"Lysefjord 365","url":"https:\/\/lysefjorden365.com\/","logo":{"@type":"ImageObject","inLanguage":"es","@id":"https:\/\/lysefjorden365.com\/#\/schema\/logo\/image\/","url":"https:\/\/lysefjorden365.com\/wp-content\/uploads\/2019\/04\/lysefjorden-365-logo-round.svg","contentUrl":"https:\/\/lysefjorden365.com\/wp-content\/uploads\/2019\/04\/lysefjorden-365-logo-round.svg","width":1,"height":1,"caption":"Lysefjorden 365"},"image":{"@id":"https:\/\/lysefjorden365.com\/#\/schema\/logo\/image\/"},"sameAs":["https:\/\/www.facebook.com\/Lysefjorden365\/"]}]}},"publishpress_future_action":{"enabled":false,"date":"2026-04-11 11:12:54","action":"change-status","newStatus":"draft","terms":[],"taxonomy":"dipi_cpt_category","extraData":[]},"publishpress_future_workflow_manual_trigger":{"enabledWorkflows":[]},"_links":{"self":[{"href":"https:\/\/lysefjorden365.com\/es\/wp-json\/wp\/v2\/pages\/228789","targetHints":{"allow":["GET"]}}],"collection":[{"href":"https:\/\/lysefjorden365.com\/es\/wp-json\/wp\/v2\/pages"}],"about":[{"href":"https:\/\/lysefjorden365.com\/es\/wp-json\/wp\/v2\/types\/page"}],"author":[{"embeddable":true,"href":"https:\/\/lysefjorden365.com\/es\/wp-json\/wp\/v2\/users\/1"}],"replies":[{"embeddable":true,"href":"https:\/\/lysefjorden365.com\/es\/wp-json\/wp\/v2\/comments?post=228789"}],"version-history":[{"count":0,"href":"https:\/\/lysefjorden365.com\/es\/wp-json\/wp\/v2\/pages\/228789\/revisions"}],"wp:attachment":[{"href":"https:\/\/lysefjorden365.com\/es\/wp-json\/wp\/v2\/media?parent=228789"}],"wp:term":[{"taxonomy":"dipi_cpt_category","embeddable":true,"href":"https:\/\/lysefjorden365.com\/es\/wp-json\/wp\/v2\/dipi_cpt_category?post=228789"}],"curies":[{"name":"wp","href":"https:\/\/api.w.org\/{rel}","templated":true}]}}