{"id":228789,"date":"2024-03-06T09:09:16","date_gmt":"2024-03-06T08:09:16","guid":{"rendered":"https:\/\/lysefjorden365.wpenginepowered.com\/personvernerklaering-eu\/"},"modified":"2024-03-06T10:32:50","modified_gmt":"2024-03-06T09:32:50","slug":"personvernerklaering","status":"publish","type":"page","link":"https:\/\/lysefjorden365.com\/de\/personvernerklaering\/","title":{"rendered":"Personvernerkl\u00e6ring"},"content":{"rendered":"<!-- Legal document generated by Complianz | GDPR\/CCPA Cookie Consent https:\/\/wordpress.org\/plugins\/complianz-gdpr -->\n<div id=\"cmplz-document\" class=\"cmplz-document privacy-statement cmplz-document-eu\"><p><i>Diese Datenschutzerkl\u00e4rung wurde zuletzt am 07.10.2025 aktualisiert und gilt f\u00fcr B\u00fcrger und Personen mit st\u00e4ndigem Wohnsitz im Europ\u00e4ischen Wirtschaftsraum und in der Schweiz.<\/i><br \/><br \/><\/p><p><p>In dieser Datenschutzerkl\u00e4rung erl\u00e4utern wir, was wir mit den Daten tun, die wir \u00fcber Sie erhalten durch <a href=\"https:\/\/lysefjorden365.com\/de\">https:\/\/lysefjorden365.com\/de<\/a>. Wir empfehlen Ihnen, diese Erkl\u00e4rung sorgf\u00e4ltig zu lesen. Bei der Datenverarbeitung halten wir uns an die Vorgaben der Datenschutzgesetze. Das bedeutet unter anderem Folgendes:<\/p><ul>\n                <li>Wir legen die Zwecke, zu denen wir personenbezogene Daten verarbeiten, klar dar. Dies tun wir mit dieser Datenschutzerkl\u00e4rung;<\/li>\n                <li>Wir sind bestrebt, die Erhebung personenbezogener Daten auf diejenigen personenbezogenen Daten zu beschr\u00e4nken, die f\u00fcr legitime Zwecke erforderlich sind;<\/li>\n                <li>Wir bitten Sie im Voraus um Ihre ausdr\u00fcckliche Einwilligung zur Verarbeitung Ihrer personenbezogenen Daten, sofern Ihre Einwilligung erforderlich ist.;<\/li>\n                <li>Wir ergreifen angemessene Sicherheitsma\u00dfnahmen zum Schutz Ihrer personenbezogenen Daten und fordern dies auch von Parteien, die personenbezogene Daten in unserem Auftrag verarbeiten.;<\/li>\n                <li>Wir respektieren Ihr Recht, auf Ihre personenbezogenen Daten zuzugreifen, diese zu berichtigen oder auf Ihren Wunsch hin l\u00f6schen zu lassen.<\/li>\n            <\/ul><p>Wenn Sie Fragen haben oder genau wissen m\u00f6chten, welche Daten wir \u00fcber Sie speichern, kontaktieren Sie uns bitte.<\/p><\/p><h2>1. Zweck, Daten und Aufbewahrungsdauer<\/h2>Wir k\u00f6nnen personenbezogene Daten f\u00fcr eine Reihe von Zwecken im Zusammenhang mit unseren Gesch\u00e4ftst\u00e4tigkeiten erheben oder erhalten, darunter beispielsweise: (zum Erweitern klicken)<details class=\"cmplz-dropdown dropdown-privacy-statement\"><summary><div><h3>1.1 Zur Unterst\u00fctzung von Dienstleistungen oder Produkten, die ein Kunde kaufen m\u00f6chte oder bereits gekauft hat.<\/h3><\/div><\/summary><p class=\"cmplz-subtitle\">Zu diesem Zweck verwenden wir folgende Daten:<\/p><p><ul><li>IP-Adresse<\/li><\/ul><\/p><p class=\"cmplz-subtitle\">Die Grundlage, auf der wir diese Daten verarbeiten d\u00fcrfen, ist:<\/p><p><a target=\"_blank\" rel=\"noopener noreferrer nofollow\" href=\"https:\/\/cookiedatabase.org\/legal-bases\/#consent\">Bei Erteilung der Einwilligung.<\/a><\/p><p class=\"cmplz-subtitle\">Aufbewahrungsfrist<\/p><p>Wir speichern diese Daten bis zur Beendigung des Dienstes.<\/p><\/details><details class=\"cmplz-dropdown dropdown-privacy-statement\"><summary><div><h3>1.2 Zusammenstellung und Analyse von Statistiken zur Verbesserung der Website.<\/h3><\/div><\/summary><p class=\"cmplz-subtitle\">Zu diesem Zweck verwenden wir folgende Daten:<\/p><p><ul><li>Geodaten<\/li><li>IP-Adresse<\/li><\/ul><\/p><p class=\"cmplz-subtitle\">Die Grundlage, auf der wir diese Daten verarbeiten d\u00fcrfen, ist:<\/p><p><a target=\"_blank\" rel=\"noopener noreferrer nofollow\" href=\"https:\/\/cookiedatabase.org\/legal-bases\/#consent\">Bei Erteilung der Einwilligung.<\/a><\/p><p class=\"cmplz-subtitle\">Aufbewahrungsfrist<\/p><p>Wir speichern diese Daten bis zur Beendigung des Dienstes.<\/p><\/details><details class=\"cmplz-dropdown dropdown-privacy-statement\"><summary><div><h3>1.3 Um personalisierte Produkte und Dienstleistungen anbieten zu k\u00f6nnen<\/h3><\/div><\/summary><p class=\"cmplz-subtitle\">Zu diesem Zweck verwenden wir folgende Daten:<\/p><p><ul><li>IP-Adresse<\/li><li>Geodaten<\/li><\/ul><\/p><p class=\"cmplz-subtitle\">Die Grundlage, auf der wir diese Daten verarbeiten d\u00fcrfen, ist:<\/p><p><a target=\"_blank\" rel=\"noopener noreferrer nofollow\" href=\"https:\/\/cookiedatabase.org\/legal-bases\/#consent\">Bei Erteilung der Einwilligung.<\/a><\/p><p class=\"cmplz-subtitle\">Aufbewahrungsfrist<\/p><p>Wir speichern diese Daten bis zur Beendigung des Dienstes.<\/p><\/details><details class=\"cmplz-dropdown dropdown-privacy-statement\"><summary><div><h3>1.4 Kontaktaufnahme \u2013 Per Telefon, Post, E-Mail und\/oder Webformularen<\/h3><\/div><\/summary><p class=\"cmplz-subtitle\">Zu diesem Zweck verwenden wir folgende Daten:<\/p><p><ul><li>IP-Adresse<\/li><\/ul><\/p><p class=\"cmplz-subtitle\">Die Grundlage, auf der wir diese Daten verarbeiten d\u00fcrfen, ist:<\/p><p><a target=\"_blank\" rel=\"noopener noreferrer nofollow\" href=\"https:\/\/cookiedatabase.org\/legal-bases\/#consent\">Bei Erteilung der Einwilligung.<\/a><\/p><p class=\"cmplz-subtitle\">Aufbewahrungsfrist<\/p><p>Wir speichern diese Daten bis zur Beendigung des Dienstes.<\/p><\/details><h2>2. Weitergabe an Dritte<\/h2><p>Wir geben diese Daten nur zu folgenden Zwecken an Auftragsverarbeiter weiter:<\/p><p class=\"cmplz-subtitle\">Prozessoren<\/p><p><b>Name:<\/b>&nbsp;Megabite AS<br \/>\n            <b>Land:<\/b>&nbsp;Norwegen<br \/>\n            <b>Zweck:<\/b>&nbsp;IT-Dienstleistungen<br \/>\n            <\/p><h2>3. Cookies<\/h2><p>Unsere Website verwendet Cookies. Weitere Informationen zu Cookies finden Sie in unserer Cookie-Richtlinie. <a href=\"https:\/\/lysefjorden365.com\/de\/cookie-info\/\">Cookie-Richtlinie<\/a>.&nbsp;<\/p><h2>4. Offenlegungspraktiken<\/h2><p><p>Wir geben personenbezogene Daten weiter, wenn wir gesetzlich oder durch eine gerichtliche Anordnung dazu verpflichtet sind, auf Anfrage einer Strafverfolgungsbeh\u00f6rde, soweit dies nach anderen gesetzlichen Bestimmungen zul\u00e4ssig ist, oder f\u00fcr eine Untersuchung in einer Angelegenheit, die die \u00f6ffentliche Sicherheit betrifft.<\/p><p>Im Falle einer \u00dcbernahme, eines Verkaufs oder einer Beteiligung an einer Fusion oder einem Unternehmenskauf unserer Website oder Organisation k\u00f6nnen Ihre Daten an unsere Berater und potenzielle K\u00e4ufer weitergegeben und an die neuen Eigent\u00fcmer \u00fcbermittelt werden.<\/p><\/p><p>Wir haben mit Google eine Datenverarbeitungsvereinbarung abgeschlossen.<\/p><h2>5. Sicherheit<\/h2><p>Wir legen gro\u00dfen Wert auf die Sicherheit Ihrer personenbezogenen Daten. Wir ergreifen geeignete Sicherheitsma\u00dfnahmen, um Missbrauch und unbefugten Zugriff auf Ihre personenbezogenen Daten zu verhindern. Dadurch stellen wir sicher, dass nur die notwendigen Personen Zugriff auf Ihre Daten haben, dass dieser Zugriff gesch\u00fctzt ist und dass unsere Sicherheitsma\u00dfnahmen regelm\u00e4\u00dfig \u00fcberpr\u00fcft werden.<\/p><h2>6. Websites von Drittanbietern<\/h2><p>Diese Datenschutzerkl\u00e4rung gilt nicht f\u00fcr Websites Dritter, die \u00fcber Links auf unserer Website erreichbar sind. Wir k\u00f6nnen nicht garantieren, dass diese Dritten Ihre personenbezogenen Daten zuverl\u00e4ssig und sicher verarbeiten. Wir empfehlen Ihnen, die Datenschutzerkl\u00e4rungen dieser Websites zu lesen, bevor Sie diese nutzen.<\/p><h2>7. \u00c4nderungen dieser Datenschutzerkl\u00e4rung<\/h2><p>Wir behalten uns das Recht vor, diese Datenschutzerkl\u00e4rung zu \u00e4ndern. Wir empfehlen Ihnen, diese Datenschutzerkl\u00e4rung regelm\u00e4\u00dfig einzusehen, um \u00fcber etwaige \u00c4nderungen informiert zu sein. Dar\u00fcber hinaus werden wir Sie, soweit m\u00f6glich, aktiv informieren.<\/p><h2>8. Zugriff auf und \u00c4nderung Ihrer Daten<\/h2><p>Wenn Sie Fragen haben oder wissen m\u00f6chten, welche personenbezogenen Daten wir \u00fcber Sie gespeichert haben, kontaktieren Sie uns bitte. Sie erreichen uns \u00fcber die unten stehenden Kontaktdaten. Sie haben folgende Rechte:<\/p><ul>\n                <li>Sie haben das Recht zu erfahren, warum Ihre personenbezogenen Daten ben\u00f6tigt werden, was mit ihnen geschieht und wie lange sie aufbewahrt werden.<\/li>\n                <li>Auskunftsrecht: Sie haben das Recht, Auskunft \u00fcber Ihre uns bekannten personenbezogenen Daten zu erhalten.<\/li>\n                <li>Recht auf Berichtigung: Sie haben das Recht, Ihre personenbezogenen Daten jederzeit zu erg\u00e4nzen, zu berichtigen, l\u00f6schen oder sperren zu lassen.<\/li>\n                <li>Wenn Sie uns Ihre Einwilligung zur Verarbeitung Ihrer Daten erteilen, haben Sie das Recht, diese Einwilligung zu widerrufen und Ihre personenbezogenen Daten l\u00f6schen zu lassen.<\/li>\n                <li>Recht auf Daten\u00fcbertragbarkeit: Sie haben das Recht, alle Ihre personenbezogenen Daten vom Verantwortlichen anzufordern und diese vollst\u00e4ndig an einen anderen Verantwortlichen zu \u00fcbertragen.<\/li>\n                <li>Widerspruchsrecht: Sie k\u00f6nnen der Verarbeitung Ihrer Daten widersprechen. Wir respektieren diesen Widerspruch, es sei denn, es liegen berechtigte Gr\u00fcnde f\u00fcr die Verarbeitung vor.<\/li>\n            <\/ul><p>Bitte geben Sie stets klar an, wer Sie sind, damit wir sicherstellen k\u00f6nnen, dass wir keine Daten der falschen Person \u00e4ndern oder l\u00f6schen.<\/p><h2>9. Einreichen einer Beschwerde<\/h2><p>Wenn Sie mit der Art und Weise, wie wir Ihre Beschwerde bez\u00fcglich der Verarbeitung Ihrer personenbezogenen Daten bearbeiten, nicht zufrieden sind, haben Sie das Recht, eine Beschwerde bei der Datenschutzbeh\u00f6rde einzureichen.<\/p><h2>10. Kontaktdaten<\/h2><p>Lysefjorden Utvikling AS<br \/>\n        Kommunehuset, 4110 Forsand<br \/>\n        Norwegen<br \/>\n        Webseite: <a href=\"https:\/\/lysefjorden365.com\/de\">https:\/\/lysefjorden365.com\/de<\/a> <br \/>\n        E-Mail: <span class=\"cmplz-obfuscate\">&#106;&#111;&#104;an&#110;&#101;&#115;@<span class=\"cmplz-fmail-domain\">ex.com<\/span>&#108;&#121;&#115;efjo&#114;d&#101;&#110;&#051;&#054;5&#046;n&#111;<\/span> <br \/>\n        Telefonnummer: 95 558 952<\/p><\/div>","protected":false},"excerpt":{"rendered":"","protected":false},"author":1,"featured_media":0,"parent":0,"menu_order":0,"comment_status":"closed","ping_status":"closed","template":"","meta":{"_et_pb_use_builder":"","_et_pb_old_content":"","_et_gb_content_width":"","footnotes":""},"dipi_cpt_category":[],"class_list":["post-228789","page","type-page","status-publish","hentry"],"yoast_head":"<!-- This site is optimized with the Yoast SEO plugin v27.2 - https:\/\/yoast.com\/product\/yoast-seo-wordpress\/ -->\n<title>Personvernerkl\u00e6ring - Lysefjorden 365<\/title>\n<meta name=\"robots\" content=\"index, follow, max-snippet:-1, max-image-preview:large, max-video-preview:-1\" \/>\n<link rel=\"canonical\" href=\"https:\/\/lysefjorden365.com\/de\/personvernerklaering\/\" \/>\n<meta property=\"og:locale\" content=\"de_DE\" \/>\n<meta property=\"og:type\" content=\"article\" \/>\n<meta property=\"og:title\" content=\"Personvernerkl\u00e6ring - Lysefjorden 365\" \/>\n<meta property=\"og:url\" content=\"https:\/\/lysefjorden365.com\/de\/personvernerklaering\/\" \/>\n<meta property=\"og:site_name\" content=\"Lysefjorden 365\" \/>\n<meta property=\"article:publisher\" content=\"https:\/\/www.facebook.com\/Lysefjorden365\/\" \/>\n<meta property=\"article:modified_time\" content=\"2024-03-06T09:32:50+00:00\" \/>\n<meta name=\"twitter:card\" content=\"summary_large_image\" \/>\n<script type=\"application\/ld+json\" class=\"yoast-schema-graph\">{\"@context\":\"https:\/\/schema.org\",\"@graph\":[{\"@type\":\"WebPage\",\"@id\":\"https:\/\/lysefjorden365.com\/personvernerklaering\/\",\"url\":\"https:\/\/lysefjorden365.com\/personvernerklaering\/\",\"name\":\"Personvernerkl\u00e6ring - Lysefjorden 365\",\"isPartOf\":{\"@id\":\"https:\/\/lysefjorden365.com\/#website\"},\"datePublished\":\"2024-03-06T08:09:16+00:00\",\"dateModified\":\"2024-03-06T09:32:50+00:00\",\"breadcrumb\":{\"@id\":\"https:\/\/lysefjorden365.com\/personvernerklaering\/#breadcrumb\"},\"inLanguage\":\"de\",\"potentialAction\":[{\"@type\":\"ReadAction\",\"target\":[\"https:\/\/lysefjorden365.com\/personvernerklaering\/\"]}]},{\"@type\":\"BreadcrumbList\",\"@id\":\"https:\/\/lysefjorden365.com\/personvernerklaering\/#breadcrumb\",\"itemListElement\":[{\"@type\":\"ListItem\",\"position\":1,\"name\":\"Hjem\",\"item\":\"https:\/\/lysefjorden365.com\/\"},{\"@type\":\"ListItem\",\"position\":2,\"name\":\"Personvernerkl\u00e6ring\"}]},{\"@type\":\"WebSite\",\"@id\":\"https:\/\/lysefjorden365.com\/#website\",\"url\":\"https:\/\/lysefjorden365.com\/\",\"name\":\"Lysefjorden 365\",\"description\":\"quite simply a remarkable place\",\"publisher\":{\"@id\":\"https:\/\/lysefjorden365.com\/#organization\"},\"potentialAction\":[{\"@type\":\"SearchAction\",\"target\":{\"@type\":\"EntryPoint\",\"urlTemplate\":\"https:\/\/lysefjorden365.com\/?s={search_term_string}\"},\"query-input\":{\"@type\":\"PropertyValueSpecification\",\"valueRequired\":true,\"valueName\":\"search_term_string\"}}],\"inLanguage\":\"de\"},{\"@type\":\"Organization\",\"@id\":\"https:\/\/lysefjorden365.com\/#organization\",\"name\":\"Lysefjorden 365\",\"url\":\"https:\/\/lysefjorden365.com\/\",\"logo\":{\"@type\":\"ImageObject\",\"inLanguage\":\"de\",\"@id\":\"https:\/\/lysefjorden365.com\/#\/schema\/logo\/image\/\",\"url\":\"https:\/\/lysefjorden365.com\/wp-content\/uploads\/2019\/04\/lysefjorden-365-logo-round.svg\",\"contentUrl\":\"https:\/\/lysefjorden365.com\/wp-content\/uploads\/2019\/04\/lysefjorden-365-logo-round.svg\",\"width\":1,\"height\":1,\"caption\":\"Lysefjorden 365\"},\"image\":{\"@id\":\"https:\/\/lysefjorden365.com\/#\/schema\/logo\/image\/\"},\"sameAs\":[\"https:\/\/www.facebook.com\/Lysefjorden365\/\"]}]}<\/script>\n<!-- \/ Yoast SEO plugin. -->","yoast_head_json":{"title":"Personvernerkl\u00e6ring - Lysefjorden 365","robots":{"index":"index","follow":"follow","max-snippet":"max-snippet:-1","max-image-preview":"max-image-preview:large","max-video-preview":"max-video-preview:-1"},"canonical":"https:\/\/lysefjorden365.com\/de\/personvernerklaering\/","og_locale":"de_DE","og_type":"article","og_title":"Personvernerkl\u00e6ring - Lysefjorden 365","og_url":"https:\/\/lysefjorden365.com\/de\/personvernerklaering\/","og_site_name":"Lysefjorden 365","article_publisher":"https:\/\/www.facebook.com\/Lysefjorden365\/","article_modified_time":"2024-03-06T09:32:50+00:00","twitter_card":"summary_large_image","schema":{"@context":"https:\/\/schema.org","@graph":[{"@type":"WebPage","@id":"https:\/\/lysefjorden365.com\/personvernerklaering\/","url":"https:\/\/lysefjorden365.com\/personvernerklaering\/","name":"Personvernerkl\u00e6ring - Lysefjorden 365","isPartOf":{"@id":"https:\/\/lysefjorden365.com\/#website"},"datePublished":"2024-03-06T08:09:16+00:00","dateModified":"2024-03-06T09:32:50+00:00","breadcrumb":{"@id":"https:\/\/lysefjorden365.com\/personvernerklaering\/#breadcrumb"},"inLanguage":"de","potentialAction":[{"@type":"ReadAction","target":["https:\/\/lysefjorden365.com\/personvernerklaering\/"]}]},{"@type":"BreadcrumbList","@id":"https:\/\/lysefjorden365.com\/personvernerklaering\/#breadcrumb","itemListElement":[{"@type":"ListItem","position":1,"name":"Hjem","item":"https:\/\/lysefjorden365.com\/"},{"@type":"ListItem","position":2,"name":"Personvernerkl\u00e6ring"}]},{"@type":"WebSite","@id":"https:\/\/lysefjorden365.com\/#website","url":"https:\/\/lysefjorden365.com\/","name":"Lysefjorden 365","description":"Einfach ein bemerkenswerter Ort","publisher":{"@id":"https:\/\/lysefjorden365.com\/#organization"},"potentialAction":[{"@type":"SearchAction","target":{"@type":"EntryPoint","urlTemplate":"https:\/\/lysefjorden365.com\/?s={search_term_string}"},"query-input":{"@type":"PropertyValueSpecification","valueRequired":true,"valueName":"search_term_string"}}],"inLanguage":"de"},{"@type":"Organization","@id":"https:\/\/lysefjorden365.com\/#organization","name":"Lysefjorden 365","url":"https:\/\/lysefjorden365.com\/","logo":{"@type":"ImageObject","inLanguage":"de","@id":"https:\/\/lysefjorden365.com\/#\/schema\/logo\/image\/","url":"https:\/\/lysefjorden365.com\/wp-content\/uploads\/2019\/04\/lysefjorden-365-logo-round.svg","contentUrl":"https:\/\/lysefjorden365.com\/wp-content\/uploads\/2019\/04\/lysefjorden-365-logo-round.svg","width":1,"height":1,"caption":"Lysefjorden 365"},"image":{"@id":"https:\/\/lysefjorden365.com\/#\/schema\/logo\/image\/"},"sameAs":["https:\/\/www.facebook.com\/Lysefjorden365\/"]}]}},"publishpress_future_action":{"enabled":false,"date":"2026-04-11 11:12:19","action":"change-status","newStatus":"draft","terms":[],"taxonomy":"dipi_cpt_category","extraData":[]},"publishpress_future_workflow_manual_trigger":{"enabledWorkflows":[]},"_links":{"self":[{"href":"https:\/\/lysefjorden365.com\/de\/wp-json\/wp\/v2\/pages\/228789","targetHints":{"allow":["GET"]}}],"collection":[{"href":"https:\/\/lysefjorden365.com\/de\/wp-json\/wp\/v2\/pages"}],"about":[{"href":"https:\/\/lysefjorden365.com\/de\/wp-json\/wp\/v2\/types\/page"}],"author":[{"embeddable":true,"href":"https:\/\/lysefjorden365.com\/de\/wp-json\/wp\/v2\/users\/1"}],"replies":[{"embeddable":true,"href":"https:\/\/lysefjorden365.com\/de\/wp-json\/wp\/v2\/comments?post=228789"}],"version-history":[{"count":0,"href":"https:\/\/lysefjorden365.com\/de\/wp-json\/wp\/v2\/pages\/228789\/revisions"}],"wp:attachment":[{"href":"https:\/\/lysefjorden365.com\/de\/wp-json\/wp\/v2\/media?parent=228789"}],"wp:term":[{"taxonomy":"dipi_cpt_category","embeddable":true,"href":"https:\/\/lysefjorden365.com\/de\/wp-json\/wp\/v2\/dipi_cpt_category?post=228789"}],"curies":[{"name":"wp","href":"https:\/\/api.w.org\/{rel}","templated":true}]}}